{"id":6038,"date":"2024-09-10T16:44:16","date_gmt":"2024-09-10T08:44:16","guid":{"rendered":"https:\/\/www.sinoglass.com\/?post_type=product&#038;p=6038"},"modified":"2024-09-10T17:04:08","modified_gmt":"2024-09-10T09:04:08","slug":"glass-food-jar-clamp-locking-lid","status":"publish","type":"product","link":"https:\/\/www.sinoglass.com\/de\/product\/glass-food-jar-clamp-locking-lid\/","title":{"rendered":"Glas Lebensmittel Gl\u00e4ser Klemme Verriegelungsdeckel #98659001"},"content":{"rendered":"<p>Diese klassische Form ist regalfreundlich und robust. Der luftdichte und feuchtigkeitsdichte Verriegelungsmechanismus ist vertraut und effektiv. Eleganter Bambus verleiht genau den richtigen Hauch von Klasse und mischt sich mit fast jedem Dekor.<\/p>","protected":false},"excerpt":{"rendered":"<p>\u2022 Gro\u00dfe Speicherkapazit\u00e4t in einem effizienten Raum.<br \/>\n\u2022 Erh\u00e4ltlich in vier Gr\u00f6\u00dfen.<br \/>\n\u2022 Eleganter Bambusdeckel f\u00fcr alle Einrichtungsm\u00f6glichkeiten.<br \/>\n\u2022 Bekannter und effektiver Verriegelungsmechanismus.<\/p>","protected":false},"featured_media":6040,"comment_status":"open","ping_status":"closed","template":"","meta":{"_acf_changed":false},"product_brand":[],"product_cat":[102,100,68,88],"product_tag":[],"class_list":{"0":"post-6038","1":"product","2":"type-product","3":"status-publish","4":"has-post-thumbnail","6":"product_cat-airtight-food-container","7":"product_cat-glass-storage-jar","8":"product_cat-storage-jars","9":"product_cat-wooden-lid-jar","11":"first","12":"instock","13":"shipping-taxable","14":"purchasable","15":"product-type-variable"},"acf":[],"_links":{"self":[{"href":"https:\/\/www.sinoglass.com\/de\/wp-json\/wp\/v2\/product\/6038","targetHints":{"allow":["GET"]}}],"collection":[{"href":"https:\/\/www.sinoglass.com\/de\/wp-json\/wp\/v2\/product"}],"about":[{"href":"https:\/\/www.sinoglass.com\/de\/wp-json\/wp\/v2\/types\/product"}],"replies":[{"embeddable":true,"href":"https:\/\/www.sinoglass.com\/de\/wp-json\/wp\/v2\/comments?post=6038"}],"wp:featuredmedia":[{"embeddable":true,"href":"https:\/\/www.sinoglass.com\/de\/wp-json\/wp\/v2\/media\/6040"}],"wp:attachment":[{"href":"https:\/\/www.sinoglass.com\/de\/wp-json\/wp\/v2\/media?parent=6038"}],"wp:term":[{"taxonomy":"product_brand","embeddable":true,"href":"https:\/\/www.sinoglass.com\/de\/wp-json\/wp\/v2\/product_brand?post=6038"},{"taxonomy":"product_cat","embeddable":true,"href":"https:\/\/www.sinoglass.com\/de\/wp-json\/wp\/v2\/product_cat?post=6038"},{"taxonomy":"product_tag","embeddable":true,"href":"https:\/\/www.sinoglass.com\/de\/wp-json\/wp\/v2\/product_tag?post=6038"}],"curies":[{"name":"WP","href":"https:\/\/api.w.org\/{rel}","templated":true}]}}