{"id":6030,"date":"2024-09-10T16:28:12","date_gmt":"2024-09-10T08:28:12","guid":{"rendered":"https:\/\/www.sinoglass.com\/?post_type=product&#038;p=6030"},"modified":"2024-09-10T16:44:07","modified_gmt":"2024-09-10T08:44:07","slug":"large-glass-jar-with-bamboo-lid","status":"publish","type":"product","link":"https:\/\/www.sinoglass.com\/de\/product\/large-glass-jar-with-bamboo-lid\/","title":{"rendered":"Gro\u00dfes Glasglas mit Bambusdeckel #99039010"},"content":{"rendered":"<p>Der BIG BAMBOO \u00fcbernimmt die Eleganz und Vielseitigkeit von Bambus und f\u00fcgt die Sicherheit eines robusten verschraubten Deckels hinzu. Mit vier Gr\u00f6\u00dfen zur Auswahl kann der BIG BAMBOO alles aufbewahren, was Sie brauchen, und das mit Stil.<\/p>","protected":false},"excerpt":{"rendered":"<ul>\n<li>Gro\u00dfe Kapazit\u00e4t, bauchf\u00f6rmiges Glas.<\/li>\n<li>Robuster Deckel mit Silikondichtung.<\/li>\n<li>Drei verf\u00fcgbare Gr\u00f6\u00dfen oder angepasst.<\/li>\n<li>Eingebener Easy-Grip-Bereich.<\/li>\n<\/ul>\n<p>&nbsp;<\/p>","protected":false},"featured_media":6036,"comment_status":"open","ping_status":"closed","template":"","meta":{"_acf_changed":false},"product_brand":[],"product_cat":[102,100,68,88],"product_tag":[],"class_list":{"0":"post-6030","1":"product","2":"type-product","3":"status-publish","4":"has-post-thumbnail","6":"product_cat-airtight-food-container","7":"product_cat-glass-storage-jar","8":"product_cat-storage-jars","9":"product_cat-wooden-lid-jar","11":"first","12":"instock","13":"shipping-taxable","14":"purchasable","15":"product-type-variable"},"acf":[],"_links":{"self":[{"href":"https:\/\/www.sinoglass.com\/de\/wp-json\/wp\/v2\/product\/6030","targetHints":{"allow":["GET"]}}],"collection":[{"href":"https:\/\/www.sinoglass.com\/de\/wp-json\/wp\/v2\/product"}],"about":[{"href":"https:\/\/www.sinoglass.com\/de\/wp-json\/wp\/v2\/types\/product"}],"replies":[{"embeddable":true,"href":"https:\/\/www.sinoglass.com\/de\/wp-json\/wp\/v2\/comments?post=6030"}],"wp:featuredmedia":[{"embeddable":true,"href":"https:\/\/www.sinoglass.com\/de\/wp-json\/wp\/v2\/media\/6036"}],"wp:attachment":[{"href":"https:\/\/www.sinoglass.com\/de\/wp-json\/wp\/v2\/media?parent=6030"}],"wp:term":[{"taxonomy":"product_brand","embeddable":true,"href":"https:\/\/www.sinoglass.com\/de\/wp-json\/wp\/v2\/product_brand?post=6030"},{"taxonomy":"product_cat","embeddable":true,"href":"https:\/\/www.sinoglass.com\/de\/wp-json\/wp\/v2\/product_cat?post=6030"},{"taxonomy":"product_tag","embeddable":true,"href":"https:\/\/www.sinoglass.com\/de\/wp-json\/wp\/v2\/product_tag?post=6030"}],"curies":[{"name":"WP","href":"https:\/\/api.w.org\/{rel}","templated":true}]}}