{"id":6024,"date":"2024-09-10T16:05:22","date_gmt":"2024-09-10T08:05:22","guid":{"rendered":"https:\/\/www.sinoglass.com\/?post_type=product&#038;p=6024"},"modified":"2024-09-10T16:27:45","modified_gmt":"2024-09-10T08:27:45","slug":"glass-canister-with-wood-lid","status":"publish","type":"product","link":"https:\/\/www.sinoglass.com\/de\/product\/glass-canister-with-wood-lid\/","title":{"rendered":"Gro\u00dfer Glasbeh\u00e4lter mit Holzdeckel #98739001"},"content":{"rendered":"<p>Der BIG BAMBOO \u00fcbernimmt die Eleganz und Vielseitigkeit von Bambus und f\u00fcgt die Sicherheit eines robusten verschraubten Deckels hinzu. Mit vier Gr\u00f6\u00dfen zur Auswahl kann der BIG BAMBOO alles aufbewahren, was Sie brauchen, und das mit Stil.<\/p>","protected":false},"excerpt":{"rendered":"<p>\u2022 Gro\u00dfe Kapazit\u00e4t, bauchf\u00f6rmiges Glas.<br \/>\n\u2022 Robuster Deckel mit Silikondichtung.<br \/>\n\u2022 Vier verf\u00fcgbare Gr\u00f6\u00dfen oder angepasst.<\/p>","protected":false},"featured_media":6028,"comment_status":"open","ping_status":"closed","template":"","meta":{"_acf_changed":false},"product_brand":[],"product_cat":[102,100,68,88],"product_tag":[],"class_list":{"0":"post-6024","1":"product","2":"type-product","3":"status-publish","4":"has-post-thumbnail","6":"product_cat-airtight-food-container","7":"product_cat-glass-storage-jar","8":"product_cat-storage-jars","9":"product_cat-wooden-lid-jar","11":"first","12":"instock","13":"shipping-taxable","14":"purchasable","15":"product-type-variable"},"acf":[],"_links":{"self":[{"href":"https:\/\/www.sinoglass.com\/de\/wp-json\/wp\/v2\/product\/6024","targetHints":{"allow":["GET"]}}],"collection":[{"href":"https:\/\/www.sinoglass.com\/de\/wp-json\/wp\/v2\/product"}],"about":[{"href":"https:\/\/www.sinoglass.com\/de\/wp-json\/wp\/v2\/types\/product"}],"replies":[{"embeddable":true,"href":"https:\/\/www.sinoglass.com\/de\/wp-json\/wp\/v2\/comments?post=6024"}],"wp:featuredmedia":[{"embeddable":true,"href":"https:\/\/www.sinoglass.com\/de\/wp-json\/wp\/v2\/media\/6028"}],"wp:attachment":[{"href":"https:\/\/www.sinoglass.com\/de\/wp-json\/wp\/v2\/media?parent=6024"}],"wp:term":[{"taxonomy":"product_brand","embeddable":true,"href":"https:\/\/www.sinoglass.com\/de\/wp-json\/wp\/v2\/product_brand?post=6024"},{"taxonomy":"product_cat","embeddable":true,"href":"https:\/\/www.sinoglass.com\/de\/wp-json\/wp\/v2\/product_cat?post=6024"},{"taxonomy":"product_tag","embeddable":true,"href":"https:\/\/www.sinoglass.com\/de\/wp-json\/wp\/v2\/product_tag?post=6024"}],"curies":[{"name":"WP","href":"https:\/\/api.w.org\/{rel}","templated":true}]}}