{"id":6016,"date":"2024-09-10T15:49:16","date_gmt":"2024-09-10T07:49:16","guid":{"rendered":"https:\/\/www.sinoglass.com\/?post_type=product&#038;p=6016"},"modified":"2024-09-11T15:20:44","modified_gmt":"2024-09-11T07:20:44","slug":"glass-food-containers-with-bamboo-lids","status":"publish","type":"product","link":"https:\/\/www.sinoglass.com\/de\/product\/glass-food-containers-with-bamboo-lids\/","title":{"rendered":"Glas Lebensmittelbeh\u00e4lter mit Bambusdeckeln #9755000"},"content":{"rendered":"<p>Genie\u00dfen Sie die einfache Lagerung in einem Borosilikatglas mit einem stilvollen Bambusdeckel, versiegelt mit sicherem Silikon.<\/p>","protected":false},"excerpt":{"rendered":"<p>\u2022 Erh\u00e4ltlich in drei Gr\u00f6\u00dfen oder ma\u00dfgeschneidert.<br \/>\n\u2022 Eleganter Bambusdeckel f\u00fcr alle Einrichtungsm\u00f6glichkeiten.<br \/>\n\u2022 Silikonring f\u00fcr eine stabile Dichtung.<\/p>","protected":false},"featured_media":6023,"comment_status":"open","ping_status":"closed","template":"","meta":{"_acf_changed":false},"product_brand":[],"product_cat":[100,68,88],"product_tag":[],"class_list":{"0":"post-6016","1":"product","2":"type-product","3":"status-publish","4":"has-post-thumbnail","6":"product_cat-glass-storage-jar","7":"product_cat-storage-jars","8":"product_cat-wooden-lid-jar","10":"first","11":"instock","12":"shipping-taxable","13":"purchasable","14":"product-type-variable"},"acf":[],"_links":{"self":[{"href":"https:\/\/www.sinoglass.com\/de\/wp-json\/wp\/v2\/product\/6016","targetHints":{"allow":["GET"]}}],"collection":[{"href":"https:\/\/www.sinoglass.com\/de\/wp-json\/wp\/v2\/product"}],"about":[{"href":"https:\/\/www.sinoglass.com\/de\/wp-json\/wp\/v2\/types\/product"}],"replies":[{"embeddable":true,"href":"https:\/\/www.sinoglass.com\/de\/wp-json\/wp\/v2\/comments?post=6016"}],"wp:featuredmedia":[{"embeddable":true,"href":"https:\/\/www.sinoglass.com\/de\/wp-json\/wp\/v2\/media\/6023"}],"wp:attachment":[{"href":"https:\/\/www.sinoglass.com\/de\/wp-json\/wp\/v2\/media?parent=6016"}],"wp:term":[{"taxonomy":"product_brand","embeddable":true,"href":"https:\/\/www.sinoglass.com\/de\/wp-json\/wp\/v2\/product_brand?post=6016"},{"taxonomy":"product_cat","embeddable":true,"href":"https:\/\/www.sinoglass.com\/de\/wp-json\/wp\/v2\/product_cat?post=6016"},{"taxonomy":"product_tag","embeddable":true,"href":"https:\/\/www.sinoglass.com\/de\/wp-json\/wp\/v2\/product_tag?post=6016"}],"curies":[{"name":"WP","href":"https:\/\/api.w.org\/{rel}","templated":true}]}}