{"id":6004,"date":"2024-09-10T15:16:30","date_gmt":"2024-09-10T07:16:30","guid":{"rendered":"https:\/\/www.sinoglass.com\/?post_type=product&#038;p=6004"},"modified":"2024-09-10T15:47:54","modified_gmt":"2024-09-10T07:47:54","slug":"glass-jar-with-bamboo-lid","status":"publish","type":"product","link":"https:\/\/www.sinoglass.com\/de\/product\/glass-jar-with-bamboo-lid\/","title":{"rendered":"Glasgl\u00e4ser mit Bambusdeckel Gro\u00dfhandel #99099000"},"content":{"rendered":"<p>Unsere Borosilikatgl\u00e4ser bieten eine einfache Lagerung f\u00fcr alle Ihre Nudeln mit einem eleganten Bambusdeckel und Silikondichtung.<\/p>","protected":false},"excerpt":{"rendered":"<p>\u2022 Erh\u00e4ltlich in drei Gr\u00f6\u00dfen oder ma\u00dfgeschneidert.<br \/>\n\u2022 Eleganter Bambusdeckel f\u00fcr alle Einrichtungsm\u00f6glichkeiten.<br \/>\n\u2022 Silikonring f\u00fcr eine stabile Dichtung.<\/p>","protected":false},"featured_media":6013,"comment_status":"open","ping_status":"closed","template":"","meta":{"_acf_changed":false},"product_brand":[],"product_cat":[100,68,88],"product_tag":[],"class_list":{"0":"post-6004","1":"product","2":"type-product","3":"status-publish","4":"has-post-thumbnail","6":"product_cat-glass-storage-jar","7":"product_cat-storage-jars","8":"product_cat-wooden-lid-jar","10":"first","11":"instock","12":"shipping-taxable","13":"purchasable","14":"product-type-variable"},"acf":[],"_links":{"self":[{"href":"https:\/\/www.sinoglass.com\/de\/wp-json\/wp\/v2\/product\/6004","targetHints":{"allow":["GET"]}}],"collection":[{"href":"https:\/\/www.sinoglass.com\/de\/wp-json\/wp\/v2\/product"}],"about":[{"href":"https:\/\/www.sinoglass.com\/de\/wp-json\/wp\/v2\/types\/product"}],"replies":[{"embeddable":true,"href":"https:\/\/www.sinoglass.com\/de\/wp-json\/wp\/v2\/comments?post=6004"}],"wp:featuredmedia":[{"embeddable":true,"href":"https:\/\/www.sinoglass.com\/de\/wp-json\/wp\/v2\/media\/6013"}],"wp:attachment":[{"href":"https:\/\/www.sinoglass.com\/de\/wp-json\/wp\/v2\/media?parent=6004"}],"wp:term":[{"taxonomy":"product_brand","embeddable":true,"href":"https:\/\/www.sinoglass.com\/de\/wp-json\/wp\/v2\/product_brand?post=6004"},{"taxonomy":"product_cat","embeddable":true,"href":"https:\/\/www.sinoglass.com\/de\/wp-json\/wp\/v2\/product_cat?post=6004"},{"taxonomy":"product_tag","embeddable":true,"href":"https:\/\/www.sinoglass.com\/de\/wp-json\/wp\/v2\/product_tag?post=6004"}],"curies":[{"name":"WP","href":"https:\/\/api.w.org\/{rel}","templated":true}]}}