{"id":5995,"date":"2024-09-10T14:43:43","date_gmt":"2024-09-10T06:43:43","guid":{"rendered":"https:\/\/www.sinoglass.com\/?post_type=product&#038;p=5995"},"modified":"2024-09-10T17:55:03","modified_gmt":"2024-09-10T09:55:03","slug":"bamboo-lid-jars-for-kitchen","status":"publish","type":"product","link":"https:\/\/www.sinoglass.com\/de\/product\/bamboo-lid-jars-for-kitchen\/","title":{"rendered":"Bambusdeckel Gl\u00e4ser f\u00fcr K\u00fcche #98179000"},"content":{"rendered":"<p>Manchmal ist leichter, langlebiger Kunststoff die beste Lagerl\u00f6sung. Wenn es mit unseren neuen Bambusdeckeln \u00fcberzogen ist, mit Silikon versiegelt und ein Luftfreigabeventil f\u00fcr Frische enth\u00e4lt, kann es genau das sein, was Sie brauchen. Und genau das ist BAMBOO FRESH, eine perfekte Lagerl\u00f6sung in vier verf\u00fcgbaren Gr\u00f6\u00dfen.<\/p>","protected":false},"excerpt":{"rendered":"<ul>\n<li>Quadratische Plastiklager.<\/li>\n<li>Stilvoller Bambusdeckel mit Silikondichtung und Luftentlastungsventil.<\/li>\n<li>Vier verf\u00fcgbare Gr\u00f6\u00dfen oder angepasst.<\/li>\n<\/ul>","protected":false},"featured_media":5997,"comment_status":"open","ping_status":"closed","template":"","meta":{"_acf_changed":false},"product_brand":[],"product_cat":[101,68,88],"product_tag":[],"class_list":{"0":"post-5995","1":"product","2":"type-product","3":"status-publish","4":"has-post-thumbnail","6":"product_cat-plastic-kitchen-storage","7":"product_cat-storage-jars","8":"product_cat-wooden-lid-jar","10":"first","11":"instock","12":"shipping-taxable","13":"purchasable","14":"product-type-variable"},"acf":[],"_links":{"self":[{"href":"https:\/\/www.sinoglass.com\/de\/wp-json\/wp\/v2\/product\/5995","targetHints":{"allow":["GET"]}}],"collection":[{"href":"https:\/\/www.sinoglass.com\/de\/wp-json\/wp\/v2\/product"}],"about":[{"href":"https:\/\/www.sinoglass.com\/de\/wp-json\/wp\/v2\/types\/product"}],"replies":[{"embeddable":true,"href":"https:\/\/www.sinoglass.com\/de\/wp-json\/wp\/v2\/comments?post=5995"}],"wp:featuredmedia":[{"embeddable":true,"href":"https:\/\/www.sinoglass.com\/de\/wp-json\/wp\/v2\/media\/5997"}],"wp:attachment":[{"href":"https:\/\/www.sinoglass.com\/de\/wp-json\/wp\/v2\/media?parent=5995"}],"wp:term":[{"taxonomy":"product_brand","embeddable":true,"href":"https:\/\/www.sinoglass.com\/de\/wp-json\/wp\/v2\/product_brand?post=5995"},{"taxonomy":"product_cat","embeddable":true,"href":"https:\/\/www.sinoglass.com\/de\/wp-json\/wp\/v2\/product_cat?post=5995"},{"taxonomy":"product_tag","embeddable":true,"href":"https:\/\/www.sinoglass.com\/de\/wp-json\/wp\/v2\/product_tag?post=5995"}],"curies":[{"name":"WP","href":"https:\/\/api.w.org\/{rel}","templated":true}]}}