{"id":5811,"date":"2024-07-19T09:50:22","date_gmt":"2024-07-19T01:50:22","guid":{"rendered":"https:\/\/www.sinoglass.com\/?post_type=product&#038;p=5811"},"modified":"2024-09-04T13:29:20","modified_gmt":"2024-09-04T05:29:20","slug":"french-press-coffee-maker","status":"publish","type":"product","link":"https:\/\/www.sinoglass.com\/de\/product\/french-press-coffee-maker\/","title":{"rendered":"Franz\u00f6sische Presse Kaffeemaschine #68462004"},"content":{"rendered":"<p>Franz\u00f6sischer Pressekaffee ist f\u00fcr seinen glatten und reichhaltigen Geschmack bekannt. Es ist auch bekannt f\u00fcr schlammige R\u00fcckst\u00e4nde auf dem Boden Ihres Bechers, wenn der Schleif nicht genau richtig ist. Unser neu patentiertes 3-Schicht-Filtersystem l\u00f6st dieses Problem. Sie k\u00f6nnen einen feineren Mahl f\u00fcr mehr Geschmack verwenden, die Brauzeit ist k\u00fcrzer und der Kaffee ist sauber. Der CLEARBREW\u00ae innoviert dort, wo es z\u00e4hlt \u2013 im Filtersystem. Der PERFECT-IN-3 enth\u00e4lt einen 3-min\u00fctigen Timer im Griff f\u00fcr diesen perfekt zeitgerechten Becher.<\/p>","protected":false},"excerpt":{"rendered":"<ul>\n<li>Patentierte Filterinnovation br\u00e4ut eine saubere Tasse.<\/li>\n<li>Edelstahl feines Netz des Filters erm\u00f6glichen es Ihnen, einen feineren Schleif zu verwenden.<\/li>\n<li>Enth\u00e4lt einen 3-min\u00fctigen Timer im Griff f\u00fcr diese perfekt abgestimmte Tasse.<\/li>\n<\/ul>","protected":false},"featured_media":5815,"comment_status":"open","ping_status":"closed","template":"","meta":{"_acf_changed":false},"product_brand":[],"product_cat":[72,115],"product_tag":[],"class_list":{"0":"post-5811","1":"product","2":"type-product","3":"status-publish","4":"has-post-thumbnail","6":"product_cat-carafe-pitcher","7":"product_cat-french-press-coffee-maker","9":"first","10":"instock","11":"shipping-taxable","12":"purchasable","13":"product-type-variable"},"acf":[],"_links":{"self":[{"href":"https:\/\/www.sinoglass.com\/de\/wp-json\/wp\/v2\/product\/5811","targetHints":{"allow":["GET"]}}],"collection":[{"href":"https:\/\/www.sinoglass.com\/de\/wp-json\/wp\/v2\/product"}],"about":[{"href":"https:\/\/www.sinoglass.com\/de\/wp-json\/wp\/v2\/types\/product"}],"replies":[{"embeddable":true,"href":"https:\/\/www.sinoglass.com\/de\/wp-json\/wp\/v2\/comments?post=5811"}],"wp:featuredmedia":[{"embeddable":true,"href":"https:\/\/www.sinoglass.com\/de\/wp-json\/wp\/v2\/media\/5815"}],"wp:attachment":[{"href":"https:\/\/www.sinoglass.com\/de\/wp-json\/wp\/v2\/media?parent=5811"}],"wp:term":[{"taxonomy":"product_brand","embeddable":true,"href":"https:\/\/www.sinoglass.com\/de\/wp-json\/wp\/v2\/product_brand?post=5811"},{"taxonomy":"product_cat","embeddable":true,"href":"https:\/\/www.sinoglass.com\/de\/wp-json\/wp\/v2\/product_cat?post=5811"},{"taxonomy":"product_tag","embeddable":true,"href":"https:\/\/www.sinoglass.com\/de\/wp-json\/wp\/v2\/product_tag?post=5811"}],"curies":[{"name":"WP","href":"https:\/\/api.w.org\/{rel}","templated":true}]}}