{"id":5794,"date":"2024-07-18T16:40:13","date_gmt":"2024-07-18T08:40:13","guid":{"rendered":"https:\/\/www.sinoglass.com\/?post_type=product&#038;p=5794"},"modified":"2024-07-18T17:22:57","modified_gmt":"2024-07-18T09:22:57","slug":"glass-manual-coffee-grinder","status":"publish","type":"product","link":"https:\/\/www.sinoglass.com\/de\/product\/glass-manual-coffee-grinder\/","title":{"rendered":"Glas manuelle Kaffeemaschine #89550002"},"content":{"rendered":"<p>Von der ersten Drehung des klappbaren Griffs an begr\u00fc\u00dfen Sie das Aroma von frisch gemahlenem Kaffee. Das kleinere Glas ist f\u00fcr Sie und h\u00e4lt ausreichend Boden f\u00fcr zwei bis drei Tassen. Sie k\u00f6nnen vorbereiten, was Sie f\u00fcr den Morgen brauchen, dann versiegeln Sie das Glas mit einem verschraubten Deckel, um den Geschmack frisch zu halten. Der Griff klappt sich, um Platz in Ihrem Schrank zu sparen. Passen Sie den Mahl f\u00fcr den Kaffee an, den Sie lieben, vom feinen Mahl f\u00fcr Tropfen, \u00dcbergie\u00dfen oder Espresso bis hin zu einem groberen Mahl f\u00fcr Ihre Franz\u00f6sische Presse.<\/p>","protected":false},"excerpt":{"rendered":"<ul>\n<li>Klappbarer Griff, um Platz zu sparen.<\/li>\n<li>Separater Deckel, um das Glas zu versiegeln.<\/li>\n<li>Keramischer Mechanismus f\u00fcr ein konsistentes Schleifen.<\/li>\n<li>Verstellbar von fein bis grob.<\/li>\n<\/ul>","protected":false},"featured_media":5799,"comment_status":"open","ping_status":"closed","template":"","meta":{"_acf_changed":false},"product_brand":[],"product_cat":[130,71],"product_tag":[],"class_list":{"0":"post-5794","1":"product","2":"type-product","3":"status-publish","4":"has-post-thumbnail","6":"product_cat-coffee-grinder","7":"product_cat-mills-grinders","9":"first","10":"instock","11":"shipping-taxable","12":"purchasable","13":"product-type-variable"},"acf":[],"_links":{"self":[{"href":"https:\/\/www.sinoglass.com\/de\/wp-json\/wp\/v2\/product\/5794","targetHints":{"allow":["GET"]}}],"collection":[{"href":"https:\/\/www.sinoglass.com\/de\/wp-json\/wp\/v2\/product"}],"about":[{"href":"https:\/\/www.sinoglass.com\/de\/wp-json\/wp\/v2\/types\/product"}],"replies":[{"embeddable":true,"href":"https:\/\/www.sinoglass.com\/de\/wp-json\/wp\/v2\/comments?post=5794"}],"wp:featuredmedia":[{"embeddable":true,"href":"https:\/\/www.sinoglass.com\/de\/wp-json\/wp\/v2\/media\/5799"}],"wp:attachment":[{"href":"https:\/\/www.sinoglass.com\/de\/wp-json\/wp\/v2\/media?parent=5794"}],"wp:term":[{"taxonomy":"product_brand","embeddable":true,"href":"https:\/\/www.sinoglass.com\/de\/wp-json\/wp\/v2\/product_brand?post=5794"},{"taxonomy":"product_cat","embeddable":true,"href":"https:\/\/www.sinoglass.com\/de\/wp-json\/wp\/v2\/product_cat?post=5794"},{"taxonomy":"product_tag","embeddable":true,"href":"https:\/\/www.sinoglass.com\/de\/wp-json\/wp\/v2\/product_tag?post=5794"}],"curies":[{"name":"WP","href":"https:\/\/api.w.org\/{rel}","templated":true}]}}