{"id":5782,"date":"2024-07-18T16:36:20","date_gmt":"2024-07-18T08:36:20","guid":{"rendered":"https:\/\/www.sinoglass.com\/?post_type=product&#038;p=5782"},"modified":"2024-07-19T10:02:25","modified_gmt":"2024-07-19T02:02:25","slug":"glass-oil-dispenser-salad-dressing-shaker","status":"publish","type":"product","link":"https:\/\/www.sinoglass.com\/de\/product\/glass-oil-dispenser-salad-dressing-shaker\/","title":{"rendered":"Glas\u00f6l Spender Salat Dressing Shaker #89491001"},"content":{"rendered":"<p>Das ist nicht nur eine \u00d6lflasche. Wenn Sie den Mischstab befestigen, verwandelt er sich in eine Salatsch\u00fcttelflasche. F\u00fcgen Sie einfach verschiedene Gew\u00fcrze nach Ihrem Salatrezept hinzu, decken Sie mit dem leckfesten Deckel ab, greifen Sie die schlanke Flasche an und sch\u00fctteln Sie sie, indem Sie links drehen <span style=\"font-family: georgia, palatino, serif;\">und<\/span> Recht. Bald, du&#8217; Haben Sie ein k\u00f6stliches Salatdressing. Was f\u00fcr ein erstaunliches Produkt!<\/p>","protected":false},"excerpt":{"rendered":"<p>\u2022 Gro\u00dfe Kapazit\u00e4t Glasbeh\u00e4lter, perfekt f\u00fcr Unterhaltung.<br \/>\n\u2022 Rezepte und Messwaage gedruckt auf dem Glas.<br \/>\n\u2022 Edelstahlbeschnittener Deckel deckt einen tropffesten Silikon-Auslauf ab.<br \/>\n\u2022 Kunststoffmischer leicht zur Reinigung entfernt.<\/p>","protected":false},"featured_media":5783,"comment_status":"open","ping_status":"closed","template":"","meta":{"_acf_changed":false},"product_brand":[],"product_cat":[105],"product_tag":[],"class_list":{"0":"post-5782","1":"product","2":"type-product","3":"status-publish","4":"has-post-thumbnail","6":"product_cat-salad-dressing-shaker","8":"first","9":"instock","10":"shipping-taxable","11":"purchasable","12":"product-type-variable"},"acf":[],"_links":{"self":[{"href":"https:\/\/www.sinoglass.com\/de\/wp-json\/wp\/v2\/product\/5782","targetHints":{"allow":["GET"]}}],"collection":[{"href":"https:\/\/www.sinoglass.com\/de\/wp-json\/wp\/v2\/product"}],"about":[{"href":"https:\/\/www.sinoglass.com\/de\/wp-json\/wp\/v2\/types\/product"}],"replies":[{"embeddable":true,"href":"https:\/\/www.sinoglass.com\/de\/wp-json\/wp\/v2\/comments?post=5782"}],"wp:featuredmedia":[{"embeddable":true,"href":"https:\/\/www.sinoglass.com\/de\/wp-json\/wp\/v2\/media\/5783"}],"wp:attachment":[{"href":"https:\/\/www.sinoglass.com\/de\/wp-json\/wp\/v2\/media?parent=5782"}],"wp:term":[{"taxonomy":"product_brand","embeddable":true,"href":"https:\/\/www.sinoglass.com\/de\/wp-json\/wp\/v2\/product_brand?post=5782"},{"taxonomy":"product_cat","embeddable":true,"href":"https:\/\/www.sinoglass.com\/de\/wp-json\/wp\/v2\/product_cat?post=5782"},{"taxonomy":"product_tag","embeddable":true,"href":"https:\/\/www.sinoglass.com\/de\/wp-json\/wp\/v2\/product_tag?post=5782"}],"curies":[{"name":"WP","href":"https:\/\/api.w.org\/{rel}","templated":true}]}}