{"id":5553,"date":"2024-05-24T15:34:42","date_gmt":"2024-05-24T07:34:42","guid":{"rendered":"https:\/\/www.sinoglass.com\/?post_type=product&#038;p=5553"},"modified":"2024-05-24T16:24:07","modified_gmt":"2024-05-24T08:24:07","slug":"revolving-stainless-steel-spice-rack","status":"publish","type":"product","link":"https:\/\/www.sinoglass.com\/de\/product\/revolving-stainless-steel-spice-rack\/","title":{"rendered":"Rotierendes Edelstahl Gew\u00fcrzgestall #79420004"},"content":{"rendered":"<p>Das ideale Ziel f\u00fcr Ihre Gew\u00fcrze ist alles an einem Ort und leicht zug\u00e4nglich. ROUND ROBIN h\u00e4lt alle Ihre runden Gew\u00fcrzgl\u00e4ser zusammen, und Sie m\u00fcssen einfach das Regal drehen, um zu finden, was Sie wollen. Kein Stress mehr, in verschiedene Schr\u00e4nke zu gehen, Flasche nach Flasche aus dem Regal zu ziehen, nur um den Zimt zu finden. Halten Sie sie alle zusammen, denn stressfrei ist besser.<\/p>","protected":false},"excerpt":{"rendered":"<ul>\n<li>Rotierendes Gew\u00fcrzgestell aus Edelstahl.<\/li>\n<li>Passt in einen kompakten Raum.<\/li>\n<li>Erh\u00e4ltlich f\u00fcr 8-20 runde Gew\u00fcrzgl\u00e4ser.<\/li>\n<\/ul>","protected":false},"featured_media":5557,"comment_status":"open","ping_status":"closed","template":"","meta":{"_acf_changed":false},"product_brand":[],"product_cat":[110,70,213],"product_tag":[],"class_list":{"0":"post-5553","1":"product","2":"type-product","3":"status-publish","4":"has-post-thumbnail","6":"product_cat-rotating-spice-rack","7":"product_cat-spice-racks","8":"product_cat-spice-rack-jars","10":"first","11":"instock","12":"shipping-taxable","13":"purchasable","14":"product-type-variable"},"acf":[],"_links":{"self":[{"href":"https:\/\/www.sinoglass.com\/de\/wp-json\/wp\/v2\/product\/5553","targetHints":{"allow":["GET"]}}],"collection":[{"href":"https:\/\/www.sinoglass.com\/de\/wp-json\/wp\/v2\/product"}],"about":[{"href":"https:\/\/www.sinoglass.com\/de\/wp-json\/wp\/v2\/types\/product"}],"replies":[{"embeddable":true,"href":"https:\/\/www.sinoglass.com\/de\/wp-json\/wp\/v2\/comments?post=5553"}],"wp:featuredmedia":[{"embeddable":true,"href":"https:\/\/www.sinoglass.com\/de\/wp-json\/wp\/v2\/media\/5557"}],"wp:attachment":[{"href":"https:\/\/www.sinoglass.com\/de\/wp-json\/wp\/v2\/media?parent=5553"}],"wp:term":[{"taxonomy":"product_brand","embeddable":true,"href":"https:\/\/www.sinoglass.com\/de\/wp-json\/wp\/v2\/product_brand?post=5553"},{"taxonomy":"product_cat","embeddable":true,"href":"https:\/\/www.sinoglass.com\/de\/wp-json\/wp\/v2\/product_cat?post=5553"},{"taxonomy":"product_tag","embeddable":true,"href":"https:\/\/www.sinoglass.com\/de\/wp-json\/wp\/v2\/product_tag?post=5553"}],"curies":[{"name":"WP","href":"https:\/\/api.w.org\/{rel}","templated":true}]}}