{"id":5539,"date":"2024-05-24T10:25:46","date_gmt":"2024-05-24T02:25:46","guid":{"rendered":"https:\/\/www.sinoglass.com\/?post_type=product&#038;p=5539"},"modified":"2024-05-24T16:15:57","modified_gmt":"2024-05-24T08:15:57","slug":"stainless-steel-rotating-spice-rack","status":"publish","type":"product","link":"https:\/\/www.sinoglass.com\/de\/product\/stainless-steel-rotating-spice-rack\/","title":{"rendered":"Rotierendes Gew\u00fcrzgestall aus Edelstahl #79342008"},"content":{"rendered":"<p>Quadratische Gew\u00fcrzflaschen brauchen ein Zuhause, einen Ort, an dem Sie sie alle zusammen finden k\u00f6nnen. DIAMOND DISPLAY ist das richtige Zuhause f\u00fcr 12-20 Ihrer Lieblings quadratischen Gl\u00e4ser mit Gew\u00fcrzen. Drehen Sie einfach, um zu finden, was Sie brauchen, was besser ist als Flasche nach Flasche herauszuziehen, um nur eine Sache zu finden. Halten Sie diese quadratischen Flaschen dort, wo sie geh\u00f6ren, und wissen Sie zu jeder Zeit, wo sie sind.<\/p>","protected":false},"excerpt":{"rendered":"<ul>\n<li>Rotierendes Gew\u00fcrzgestell aus Edelstahl.<\/li>\n<li>Passt in einen kompakten Raum.<\/li>\n<li>Verf\u00fcgbar f\u00fcr 12-20 Quadrat Gew\u00fcrz Gl\u00e4ser.<\/li>\n<\/ul>","protected":false},"featured_media":5541,"comment_status":"open","ping_status":"closed","template":"","meta":{"_acf_changed":false},"product_brand":[],"product_cat":[110,70,213],"product_tag":[],"class_list":{"0":"post-5539","1":"product","2":"type-product","3":"status-publish","4":"has-post-thumbnail","6":"product_cat-rotating-spice-rack","7":"product_cat-spice-racks","8":"product_cat-spice-rack-jars","10":"first","11":"instock","12":"shipping-taxable","13":"purchasable","14":"product-type-variable"},"acf":[],"_links":{"self":[{"href":"https:\/\/www.sinoglass.com\/de\/wp-json\/wp\/v2\/product\/5539","targetHints":{"allow":["GET"]}}],"collection":[{"href":"https:\/\/www.sinoglass.com\/de\/wp-json\/wp\/v2\/product"}],"about":[{"href":"https:\/\/www.sinoglass.com\/de\/wp-json\/wp\/v2\/types\/product"}],"replies":[{"embeddable":true,"href":"https:\/\/www.sinoglass.com\/de\/wp-json\/wp\/v2\/comments?post=5539"}],"wp:featuredmedia":[{"embeddable":true,"href":"https:\/\/www.sinoglass.com\/de\/wp-json\/wp\/v2\/media\/5541"}],"wp:attachment":[{"href":"https:\/\/www.sinoglass.com\/de\/wp-json\/wp\/v2\/media?parent=5539"}],"wp:term":[{"taxonomy":"product_brand","embeddable":true,"href":"https:\/\/www.sinoglass.com\/de\/wp-json\/wp\/v2\/product_brand?post=5539"},{"taxonomy":"product_cat","embeddable":true,"href":"https:\/\/www.sinoglass.com\/de\/wp-json\/wp\/v2\/product_cat?post=5539"},{"taxonomy":"product_tag","embeddable":true,"href":"https:\/\/www.sinoglass.com\/de\/wp-json\/wp\/v2\/product_tag?post=5539"}],"curies":[{"name":"WP","href":"https:\/\/api.w.org\/{rel}","templated":true}]}}