{"id":5356,"date":"2024-04-30T11:24:43","date_gmt":"2024-04-30T03:24:43","guid":{"rendered":"https:\/\/www.sinoglass.com\/?post_type=product&#038;p=5356"},"modified":"2025-01-17T08:57:03","modified_gmt":"2025-01-17T00:57:03","slug":"oil-infuser-and-dispenser","status":"publish","type":"product","link":"https:\/\/www.sinoglass.com\/de\/product\/oil-infuser-and-dispenser\/","title":{"rendered":"\u00d6linfusor und -dispenser #89142001"},"content":{"rendered":"<p>Um Ihrem \u00d6l und Essig mehr Geschmack hinzuzuf\u00fcgen, ben\u00f6tigen Sie nur unsere \u00d6linfusionsflasche. Verwenden Sie einfach die Filterdichtung, um die Gew\u00fcrze in der Flasche zu halten und das aromatisierte \u00d6l auszugie\u00dfen. Mit seiner klassischen eleganten Form, abnehmbarem Deckel und tropffestem Auslauf ist dies definitiv ein Muss f\u00fcr Ihre K\u00fcche.<\/p>","protected":false},"excerpt":{"rendered":"<ul>\n<li>2 in 1 Design, \u00d6l Spender oder Kr\u00e4uter\u00f6l Hersteller sein.<\/li>\n<li>F\u00fcgen Sie Kr\u00e4uter, Gew\u00fcrze und \u00d6l in die Borosilikatglasflasche hinzu.<\/li>\n<li>Lebensmittelqualit\u00e4ts-Plastik-Filterschirm angebracht.<\/li>\n<li>Anti-Tropfen-Auslauf f\u00fcr mess-free Gie\u00dfen.<\/li>\n<\/ul>","protected":false},"featured_media":5365,"comment_status":"open","ping_status":"closed","template":"","meta":{"_acf_changed":false},"product_brand":[],"product_cat":[69,107,250],"product_tag":[],"class_list":{"0":"post-5356","1":"product","2":"type-product","3":"status-publish","4":"has-post-thumbnail","6":"product_cat-oil-dispensers","7":"product_cat-oil-infuser-bottles","8":"product_cat-oil-vinegar-dispenser","10":"first","11":"instock","12":"shipping-taxable","13":"purchasable","14":"product-type-variable"},"acf":[],"_links":{"self":[{"href":"https:\/\/www.sinoglass.com\/de\/wp-json\/wp\/v2\/product\/5356","targetHints":{"allow":["GET"]}}],"collection":[{"href":"https:\/\/www.sinoglass.com\/de\/wp-json\/wp\/v2\/product"}],"about":[{"href":"https:\/\/www.sinoglass.com\/de\/wp-json\/wp\/v2\/types\/product"}],"replies":[{"embeddable":true,"href":"https:\/\/www.sinoglass.com\/de\/wp-json\/wp\/v2\/comments?post=5356"}],"wp:featuredmedia":[{"embeddable":true,"href":"https:\/\/www.sinoglass.com\/de\/wp-json\/wp\/v2\/media\/5365"}],"wp:attachment":[{"href":"https:\/\/www.sinoglass.com\/de\/wp-json\/wp\/v2\/media?parent=5356"}],"wp:term":[{"taxonomy":"product_brand","embeddable":true,"href":"https:\/\/www.sinoglass.com\/de\/wp-json\/wp\/v2\/product_brand?post=5356"},{"taxonomy":"product_cat","embeddable":true,"href":"https:\/\/www.sinoglass.com\/de\/wp-json\/wp\/v2\/product_cat?post=5356"},{"taxonomy":"product_tag","embeddable":true,"href":"https:\/\/www.sinoglass.com\/de\/wp-json\/wp\/v2\/product_tag?post=5356"}],"curies":[{"name":"WP","href":"https:\/\/api.w.org\/{rel}","templated":true}]}}