{"id":5351,"date":"2024-04-30T11:07:17","date_gmt":"2024-04-30T03:07:17","guid":{"rendered":"https:\/\/www.sinoglass.com\/?post_type=product&#038;p=5351"},"modified":"2024-05-10T15:18:16","modified_gmt":"2024-05-10T07:18:16","slug":"olive-oil-mister-bottle","status":"publish","type":"product","link":"https:\/\/www.sinoglass.com\/de\/product\/olive-oil-mister-bottle\/","title":{"rendered":"Oliven\u00f6l Mister Flasche f\u00fcr Luftfryer #79240000"},"content":{"rendered":"<div>\n<p>Um die gleichm\u00e4\u00dfigste Verteilung des Geschmacks zu erhalten, ben\u00f6tigen Sie einen MISTER T. Pumpen Sie den verbesserten Griffleichten T-Griff ein paar Mal, um den Nicht-Aerosol-Mister unter Druck zu setzen, und f\u00fcgen Sie dann gleichm\u00e4\u00dfig den gew\u00fcnschten Geschmack hinzu. Entschrauben Sie die Oberseite f\u00fcr einfaches F\u00fcllen und Reinigen.<\/p>\n<\/div>\n<p class=\"text-end\">","protected":false},"excerpt":{"rendered":"<p>Um die gleichm\u00e4\u00dfigste Verteilung des Geschmacks zu erhalten, ben\u00f6tigen Sie einen MISTER T. Pumpen Sie den verbesserten Griffleichten T-Griff ein paar Mal, um den Nicht-Aerosol-Mister unter Druck zu setzen, und f\u00fcgen Sie dann gleichm\u00e4\u00dfig den gew\u00fcnschten Geschmack hinzu. Entschrauben Sie die Oberseite f\u00fcr einfaches F\u00fcllen und Reinigen.<\/p>","protected":false},"featured_media":5394,"comment_status":"open","ping_status":"closed","template":"","meta":{"_acf_changed":false},"product_brand":[],"product_cat":[99],"product_tag":[],"class_list":{"0":"post-5351","1":"product","2":"type-product","3":"status-publish","4":"has-post-thumbnail","6":"product_cat-oil-sprayers","8":"first","9":"instock","10":"shipping-taxable","11":"purchasable","12":"product-type-variable"},"acf":[],"_links":{"self":[{"href":"https:\/\/www.sinoglass.com\/de\/wp-json\/wp\/v2\/product\/5351","targetHints":{"allow":["GET"]}}],"collection":[{"href":"https:\/\/www.sinoglass.com\/de\/wp-json\/wp\/v2\/product"}],"about":[{"href":"https:\/\/www.sinoglass.com\/de\/wp-json\/wp\/v2\/types\/product"}],"replies":[{"embeddable":true,"href":"https:\/\/www.sinoglass.com\/de\/wp-json\/wp\/v2\/comments?post=5351"}],"wp:featuredmedia":[{"embeddable":true,"href":"https:\/\/www.sinoglass.com\/de\/wp-json\/wp\/v2\/media\/5394"}],"wp:attachment":[{"href":"https:\/\/www.sinoglass.com\/de\/wp-json\/wp\/v2\/media?parent=5351"}],"wp:term":[{"taxonomy":"product_brand","embeddable":true,"href":"https:\/\/www.sinoglass.com\/de\/wp-json\/wp\/v2\/product_brand?post=5351"},{"taxonomy":"product_cat","embeddable":true,"href":"https:\/\/www.sinoglass.com\/de\/wp-json\/wp\/v2\/product_cat?post=5351"},{"taxonomy":"product_tag","embeddable":true,"href":"https:\/\/www.sinoglass.com\/de\/wp-json\/wp\/v2\/product_tag?post=5351"}],"curies":[{"name":"WP","href":"https:\/\/api.w.org\/{rel}","templated":true}]}}