{"id":5336,"date":"2024-04-29T17:50:06","date_gmt":"2024-04-29T09:50:06","guid":{"rendered":"https:\/\/www.sinoglass.com\/?post_type=product&#038;p=5336"},"modified":"2024-04-30T11:19:23","modified_gmt":"2024-04-30T03:19:23","slug":"olive-oil-sprayer","status":"publish","type":"product","link":"https:\/\/www.sinoglass.com\/de\/product\/olive-oil-sprayer\/","title":{"rendered":"Glas Oliven\u00f6l Spr\u00fchmaschine zum Kochen #89622000"},"content":{"rendered":"<div>\n<p>Die Grillzeit ist da, und \u00d6l ist aus mindestens zwei Gr\u00fcnden wichtig. Erstens m\u00fcssen Sie die Grillfl\u00e4che \u00f6len, damit das Fleisch nicht haftet. Zweitens h\u00e4lt manchmal ein wenig \u00d6l das Fleisch feucht und geschmackvoll. Der einfachste und bequemste Weg, beide zu tun, ist mit unserem neuen BBQ BUDDY Mister. Sie m\u00fcssen das \u00d6l nicht aufb\u00fcrsten oder Ihre H\u00e4nde zu nah an den Grill bringen. Ein paar feste Pressen am Deckel geben ein leckeres Ergebnis. Auch gut f\u00fcr Salate.<\/p>\n<\/div>\n<p class=\"text-end\">","protected":false},"excerpt":{"rendered":"<ul>\n<li>Das gebogene Flaschendesign ist einfach zu halten.<\/li>\n<li>Starkes und pr\u00e4zises Spray liefert das richtige Ergebnis.<\/li>\n<li>Schwarzer und Edelstahldeckel.<\/li>\n<\/ul>","protected":false},"featured_media":5343,"comment_status":"open","ping_status":"closed","template":"","meta":{"_acf_changed":false},"product_brand":[],"product_cat":[99],"product_tag":[],"class_list":{"0":"post-5336","1":"product","2":"type-product","3":"status-publish","4":"has-post-thumbnail","6":"product_cat-oil-sprayers","8":"first","9":"instock","10":"shipping-taxable","11":"purchasable","12":"product-type-variable"},"acf":[],"_links":{"self":[{"href":"https:\/\/www.sinoglass.com\/de\/wp-json\/wp\/v2\/product\/5336","targetHints":{"allow":["GET"]}}],"collection":[{"href":"https:\/\/www.sinoglass.com\/de\/wp-json\/wp\/v2\/product"}],"about":[{"href":"https:\/\/www.sinoglass.com\/de\/wp-json\/wp\/v2\/types\/product"}],"replies":[{"embeddable":true,"href":"https:\/\/www.sinoglass.com\/de\/wp-json\/wp\/v2\/comments?post=5336"}],"wp:featuredmedia":[{"embeddable":true,"href":"https:\/\/www.sinoglass.com\/de\/wp-json\/wp\/v2\/media\/5343"}],"wp:attachment":[{"href":"https:\/\/www.sinoglass.com\/de\/wp-json\/wp\/v2\/media?parent=5336"}],"wp:term":[{"taxonomy":"product_brand","embeddable":true,"href":"https:\/\/www.sinoglass.com\/de\/wp-json\/wp\/v2\/product_brand?post=5336"},{"taxonomy":"product_cat","embeddable":true,"href":"https:\/\/www.sinoglass.com\/de\/wp-json\/wp\/v2\/product_cat?post=5336"},{"taxonomy":"product_tag","embeddable":true,"href":"https:\/\/www.sinoglass.com\/de\/wp-json\/wp\/v2\/product_tag?post=5336"}],"curies":[{"name":"WP","href":"https:\/\/api.w.org\/{rel}","templated":true}]}}