{"id":5315,"date":"2024-04-29T15:09:14","date_gmt":"2024-04-29T07:09:14","guid":{"rendered":"https:\/\/www.sinoglass.com\/?post_type=product&#038;p=5315"},"modified":"2025-01-17T08:58:51","modified_gmt":"2025-01-17T00:58:51","slug":"olive-oil-and-vinegar-set","status":"publish","type":"product","link":"https:\/\/www.sinoglass.com\/de\/product\/olive-oil-and-vinegar-set\/","title":{"rendered":"Oliven\u00f6l und Essig Set #8767A000"},"content":{"rendered":"<div>\n<p>Das einfach zu greifende Flaschendesign erm\u00f6glicht nicht nur eine m\u00fchelose Bedienung, sondern spart auch Platz, wenn es mit dem mitgelieferten Rack gepaart wird. Der Griff auf dem Regal macht es bequem f\u00fcr Sie zu tragen, um sicherzustellen, dass der Kochvergn\u00fcgen nie auf Ihrem Hof, im Freien oder w\u00e4hrend Campingausfl\u00fcge verpasst wird.<\/p>\n<\/div>\n<p class=\"text-end\">","protected":false},"excerpt":{"rendered":"<ul>\n<li>Flaschenf\u00f6rmig f\u00fcr einfache Handhabung, kompakte Lagerung.<\/li>\n<li>Wahl eines Satzes, das zwei Flaschen und eine robuste Metallhalter Kombinationen.<\/li>\n<li>Der Deckel schnappt \u00fcber einen tropfsicheren Auslauf f\u00fcr eine leckdichte Dichtung.<\/li>\n<li>Edelstahl Stell Deckel mit Food-grade Silikon Dichtung.<\/li>\n<\/ul>","protected":false},"featured_media":5317,"comment_status":"open","ping_status":"closed","template":"","meta":{"_acf_changed":false},"product_brand":[],"product_cat":[69,250],"product_tag":[],"class_list":{"0":"post-5315","1":"product","2":"type-product","3":"status-publish","4":"has-post-thumbnail","6":"product_cat-oil-dispensers","7":"product_cat-oil-vinegar-dispenser","9":"first","10":"instock","11":"shipping-taxable","12":"purchasable","13":"product-type-variable"},"acf":[],"_links":{"self":[{"href":"https:\/\/www.sinoglass.com\/de\/wp-json\/wp\/v2\/product\/5315","targetHints":{"allow":["GET"]}}],"collection":[{"href":"https:\/\/www.sinoglass.com\/de\/wp-json\/wp\/v2\/product"}],"about":[{"href":"https:\/\/www.sinoglass.com\/de\/wp-json\/wp\/v2\/types\/product"}],"replies":[{"embeddable":true,"href":"https:\/\/www.sinoglass.com\/de\/wp-json\/wp\/v2\/comments?post=5315"}],"wp:featuredmedia":[{"embeddable":true,"href":"https:\/\/www.sinoglass.com\/de\/wp-json\/wp\/v2\/media\/5317"}],"wp:attachment":[{"href":"https:\/\/www.sinoglass.com\/de\/wp-json\/wp\/v2\/media?parent=5315"}],"wp:term":[{"taxonomy":"product_brand","embeddable":true,"href":"https:\/\/www.sinoglass.com\/de\/wp-json\/wp\/v2\/product_brand?post=5315"},{"taxonomy":"product_cat","embeddable":true,"href":"https:\/\/www.sinoglass.com\/de\/wp-json\/wp\/v2\/product_cat?post=5315"},{"taxonomy":"product_tag","embeddable":true,"href":"https:\/\/www.sinoglass.com\/de\/wp-json\/wp\/v2\/product_tag?post=5315"}],"curies":[{"name":"WP","href":"https:\/\/api.w.org\/{rel}","templated":true}]}}