{"id":5297,"date":"2024-04-29T14:16:03","date_gmt":"2024-04-29T06:16:03","guid":{"rendered":"https:\/\/www.sinoglass.com\/?post_type=product&#038;p=5297"},"modified":"2025-01-17T08:59:24","modified_gmt":"2025-01-17T00:59:24","slug":"oil-bottle-for-kitchen","status":"publish","type":"product","link":"https:\/\/www.sinoglass.com\/de\/product\/oil-bottle-for-kitchen\/","title":{"rendered":"Auto Flip \u00d6lflasche f\u00fcr K\u00fcche #89042001"},"content":{"rendered":"<div>\n<p>Wie kann man den \u00c4rger von \u00d6lversch\u00fcttungen beseitigen, w\u00e4hrend man die Freude am Kochen genie\u00dft? W\u00e4hlen Sie unsere Schwerkraft-Selbst-Flip-\u00d6lflasche! Die Flasche \u00f6ffnet sich automatisch beim \u00d6lgie\u00dfen und schlie\u00dft sich automatisch, wenn sie aufrecht steht, um das Innere sauber zu halten.<\/p>\n<\/div>\n<p class=\"text-end\">","protected":false},"excerpt":{"rendered":"<ul>\n<li>Wahl eines Satzes, das zwei Flaschen und eine robuste Metallhalter Kombinationen.<\/li>\n<li>Einzigartiger Schwerkraftdeckel \u00f6ffnet und schlie\u00dft sich automatisch f\u00fcr einen Einhandbetrieb.<\/li>\n<li>Der tropffreie Gie\u00dfauslauf h\u00e4lt die Flasche sauber.<\/li>\n<li>Silikon Dichtung.<\/li>\n<\/ul>","protected":false},"featured_media":5302,"comment_status":"open","ping_status":"closed","template":"","meta":{"_acf_changed":false},"product_brand":[],"product_cat":[69,250],"product_tag":[],"class_list":{"0":"post-5297","1":"product","2":"type-product","3":"status-publish","4":"has-post-thumbnail","6":"product_cat-oil-dispensers","7":"product_cat-oil-vinegar-dispenser","9":"first","10":"instock","11":"shipping-taxable","12":"purchasable","13":"product-type-variable"},"acf":[],"_links":{"self":[{"href":"https:\/\/www.sinoglass.com\/de\/wp-json\/wp\/v2\/product\/5297","targetHints":{"allow":["GET"]}}],"collection":[{"href":"https:\/\/www.sinoglass.com\/de\/wp-json\/wp\/v2\/product"}],"about":[{"href":"https:\/\/www.sinoglass.com\/de\/wp-json\/wp\/v2\/types\/product"}],"replies":[{"embeddable":true,"href":"https:\/\/www.sinoglass.com\/de\/wp-json\/wp\/v2\/comments?post=5297"}],"wp:featuredmedia":[{"embeddable":true,"href":"https:\/\/www.sinoglass.com\/de\/wp-json\/wp\/v2\/media\/5302"}],"wp:attachment":[{"href":"https:\/\/www.sinoglass.com\/de\/wp-json\/wp\/v2\/media?parent=5297"}],"wp:term":[{"taxonomy":"product_brand","embeddable":true,"href":"https:\/\/www.sinoglass.com\/de\/wp-json\/wp\/v2\/product_brand?post=5297"},{"taxonomy":"product_cat","embeddable":true,"href":"https:\/\/www.sinoglass.com\/de\/wp-json\/wp\/v2\/product_cat?post=5297"},{"taxonomy":"product_tag","embeddable":true,"href":"https:\/\/www.sinoglass.com\/de\/wp-json\/wp\/v2\/product_tag?post=5297"}],"curies":[{"name":"WP","href":"https:\/\/api.w.org\/{rel}","templated":true}]}}