{"id":5286,"date":"2024-04-29T13:38:11","date_gmt":"2024-04-29T05:38:11","guid":{"rendered":"https:\/\/www.sinoglass.com\/?post_type=product&#038;p=5286"},"modified":"2025-01-17T08:59:32","modified_gmt":"2025-01-17T00:59:32","slug":"cooking-oil-container-with-spout","status":"publish","type":"product","link":"https:\/\/www.sinoglass.com\/de\/product\/cooking-oil-container-with-spout\/","title":{"rendered":"Koch\u00f6lbeh\u00e4lter mit Auslauf #78962001"},"content":{"rendered":"<p>Wie sein Cousin, der GARY, hat der BRUNO eine einfingerbet\u00e4tigte Kappe, die klickt, um zu \u00f6ffnen und zu versiegeln. Der BRUNO verbindet Komfort und St\u00e4rke mit einem breiten und robusten Design.<\/p>","protected":false},"excerpt":{"rendered":"<ul>\n<li>Wahl eines Satzes, das zwei Flaschen und eine robuste Metallhalter Kombinationen.<\/li>\n<li>Mit einem Finger bet\u00e4tigte Hebelkappe klickt zum \u00d6ffnen und Verschlie\u00dfen.<\/li>\n<li>Nicht tropfender Gie\u00dfauslauf.<\/li>\n<\/ul>","protected":false},"featured_media":5288,"comment_status":"open","ping_status":"closed","template":"","meta":{"_acf_changed":false},"product_brand":[],"product_cat":[69,250],"product_tag":[],"class_list":{"0":"post-5286","1":"product","2":"type-product","3":"status-publish","4":"has-post-thumbnail","6":"product_cat-oil-dispensers","7":"product_cat-oil-vinegar-dispenser","9":"first","10":"instock","11":"shipping-taxable","12":"purchasable","13":"product-type-variable"},"acf":[],"_links":{"self":[{"href":"https:\/\/www.sinoglass.com\/de\/wp-json\/wp\/v2\/product\/5286","targetHints":{"allow":["GET"]}}],"collection":[{"href":"https:\/\/www.sinoglass.com\/de\/wp-json\/wp\/v2\/product"}],"about":[{"href":"https:\/\/www.sinoglass.com\/de\/wp-json\/wp\/v2\/types\/product"}],"replies":[{"embeddable":true,"href":"https:\/\/www.sinoglass.com\/de\/wp-json\/wp\/v2\/comments?post=5286"}],"wp:featuredmedia":[{"embeddable":true,"href":"https:\/\/www.sinoglass.com\/de\/wp-json\/wp\/v2\/media\/5288"}],"wp:attachment":[{"href":"https:\/\/www.sinoglass.com\/de\/wp-json\/wp\/v2\/media?parent=5286"}],"wp:term":[{"taxonomy":"product_brand","embeddable":true,"href":"https:\/\/www.sinoglass.com\/de\/wp-json\/wp\/v2\/product_brand?post=5286"},{"taxonomy":"product_cat","embeddable":true,"href":"https:\/\/www.sinoglass.com\/de\/wp-json\/wp\/v2\/product_cat?post=5286"},{"taxonomy":"product_tag","embeddable":true,"href":"https:\/\/www.sinoglass.com\/de\/wp-json\/wp\/v2\/product_tag?post=5286"}],"curies":[{"name":"WP","href":"https:\/\/api.w.org\/{rel}","templated":true}]}}