{"id":5236,"date":"2024-04-28T16:38:50","date_gmt":"2024-04-28T08:38:50","guid":{"rendered":"https:\/\/www.sinoglass.com\/?post_type=product&#038;p=5236"},"modified":"2025-01-17T09:01:42","modified_gmt":"2025-01-17T01:01:42","slug":"glass-oil-and-vinegar-cruet-set","status":"publish","type":"product","link":"https:\/\/www.sinoglass.com\/de\/product\/glass-oil-and-vinegar-cruet-set\/","title":{"rendered":"Glas\u00f6l und Essig Cruet Set #8815A004"},"content":{"rendered":"<p>Sie brauchen nicht immer Fancy oder Komplex. F\u00fcr die einfache L\u00f6sung ist der JUST POUR die perfekte Wahl. Edelstahl, klassische Form, einfache Bedienung. Tipp und Gie\u00dfen.<\/p>","protected":false},"excerpt":{"rendered":"<ul>\n<li>Klassische quadratische Glasflaschen.<\/li>\n<li>Edelstahl-Gie\u00dfauslauf.<\/li>\n<li>Sauberes und klassisches Design.<\/li>\n<\/ul>","protected":false},"featured_media":5233,"comment_status":"open","ping_status":"closed","template":"","meta":{"_acf_changed":false},"product_brand":[],"product_cat":[218,69,250],"product_tag":[],"class_list":{"0":"post-5236","1":"product","2":"type-product","3":"status-publish","4":"has-post-thumbnail","6":"product_cat-eco-friendly","7":"product_cat-oil-dispensers","8":"product_cat-oil-vinegar-dispenser","10":"first","11":"instock","12":"shipping-taxable","13":"purchasable","14":"product-type-variable"},"acf":[],"_links":{"self":[{"href":"https:\/\/www.sinoglass.com\/de\/wp-json\/wp\/v2\/product\/5236","targetHints":{"allow":["GET"]}}],"collection":[{"href":"https:\/\/www.sinoglass.com\/de\/wp-json\/wp\/v2\/product"}],"about":[{"href":"https:\/\/www.sinoglass.com\/de\/wp-json\/wp\/v2\/types\/product"}],"replies":[{"embeddable":true,"href":"https:\/\/www.sinoglass.com\/de\/wp-json\/wp\/v2\/comments?post=5236"}],"wp:featuredmedia":[{"embeddable":true,"href":"https:\/\/www.sinoglass.com\/de\/wp-json\/wp\/v2\/media\/5233"}],"wp:attachment":[{"href":"https:\/\/www.sinoglass.com\/de\/wp-json\/wp\/v2\/media?parent=5236"}],"wp:term":[{"taxonomy":"product_brand","embeddable":true,"href":"https:\/\/www.sinoglass.com\/de\/wp-json\/wp\/v2\/product_brand?post=5236"},{"taxonomy":"product_cat","embeddable":true,"href":"https:\/\/www.sinoglass.com\/de\/wp-json\/wp\/v2\/product_cat?post=5236"},{"taxonomy":"product_tag","embeddable":true,"href":"https:\/\/www.sinoglass.com\/de\/wp-json\/wp\/v2\/product_tag?post=5236"}],"curies":[{"name":"WP","href":"https:\/\/api.w.org\/{rel}","templated":true}]}}