{"id":5217,"date":"2024-04-28T16:07:39","date_gmt":"2024-04-28T08:07:39","guid":{"rendered":"https:\/\/www.sinoglass.com\/?post_type=product&#038;p=5217"},"modified":"2025-01-17T09:01:58","modified_gmt":"2025-01-17T01:01:58","slug":"press-measure-oil-vinegar-dispenser","status":"publish","type":"product","link":"https:\/\/www.sinoglass.com\/de\/product\/press-measure-oil-vinegar-dispenser\/","title":{"rendered":"Presse Ma\u00df \u00d6l Essig Spender #8562001"},"content":{"rendered":"<p>Tippen, dr\u00fccken und dispensieren \u2013 einfache Ma\u00dfnahme mit einem Knopf<\/p>","protected":false},"excerpt":{"rendered":"<ul>\n<li>Tippen, dr\u00fccken und dispensieren - einfache Ma\u00dfnahme mit einem Knopf.<\/li>\n<li>Jeder Knopfdruck gibt \u00bd Essl\u00f6ffel \u00d6l\/Essig ab.<\/li>\n<li>Anti-Tropfen-Auslauf f\u00fcr keinen Chaos-Betrieb.<\/li>\n<\/ul>","protected":false},"featured_media":5219,"comment_status":"open","ping_status":"closed","template":"","meta":{"_acf_changed":false},"product_brand":[],"product_cat":[69,250],"product_tag":[],"class_list":{"0":"post-5217","1":"product","2":"type-product","3":"status-publish","4":"has-post-thumbnail","6":"product_cat-oil-dispensers","7":"product_cat-oil-vinegar-dispenser","9":"first","10":"instock","11":"shipping-taxable","12":"purchasable","13":"product-type-variable"},"acf":[],"_links":{"self":[{"href":"https:\/\/www.sinoglass.com\/de\/wp-json\/wp\/v2\/product\/5217","targetHints":{"allow":["GET"]}}],"collection":[{"href":"https:\/\/www.sinoglass.com\/de\/wp-json\/wp\/v2\/product"}],"about":[{"href":"https:\/\/www.sinoglass.com\/de\/wp-json\/wp\/v2\/types\/product"}],"replies":[{"embeddable":true,"href":"https:\/\/www.sinoglass.com\/de\/wp-json\/wp\/v2\/comments?post=5217"}],"wp:featuredmedia":[{"embeddable":true,"href":"https:\/\/www.sinoglass.com\/de\/wp-json\/wp\/v2\/media\/5219"}],"wp:attachment":[{"href":"https:\/\/www.sinoglass.com\/de\/wp-json\/wp\/v2\/media?parent=5217"}],"wp:term":[{"taxonomy":"product_brand","embeddable":true,"href":"https:\/\/www.sinoglass.com\/de\/wp-json\/wp\/v2\/product_brand?post=5217"},{"taxonomy":"product_cat","embeddable":true,"href":"https:\/\/www.sinoglass.com\/de\/wp-json\/wp\/v2\/product_cat?post=5217"},{"taxonomy":"product_tag","embeddable":true,"href":"https:\/\/www.sinoglass.com\/de\/wp-json\/wp\/v2\/product_tag?post=5217"}],"curies":[{"name":"WP","href":"https:\/\/api.w.org\/{rel}","templated":true}]}}