{"id":5201,"date":"2024-04-28T15:24:19","date_gmt":"2024-04-28T07:24:19","guid":{"rendered":"https:\/\/www.sinoglass.com\/?post_type=product&#038;p=5201"},"modified":"2025-01-17T09:02:20","modified_gmt":"2025-01-17T01:02:20","slug":"glass-oil-pourer-bottle","status":"publish","type":"product","link":"https:\/\/www.sinoglass.com\/de\/product\/glass-oil-pourer-bottle\/","title":{"rendered":"Glas\u00f6l Gie\u00dfer Flasche Silikon Auslauf #88441001"},"content":{"rendered":"<p>Wenn Sie es verwenden, werden Sie erstaunt sein, wie ein so einfaches Produkt alle Ihre Bed\u00fcrfnisse erf\u00fcllen kann. Die runde Form der Flasche ist leicht zu greifen, und die transparente leckdichte Kappe sorgt f\u00fcr die Sauberkeit des \u00d6ls und des Essigs im Inneren. Der tropffeste Silikon\u00f6lauslauf kann f\u00fcr eine bequeme Reinigung leicht entfernt werden.<\/p>","protected":false},"excerpt":{"rendered":"<ul>\n<li>Transparente Kappe schnappt sicher an Ort und Stelle f\u00fcr leckdichte Dichtung.<\/li>\n<li>Geschmack bleibt drinnen, Schmutz bleibt drau\u00dfen.<\/li>\n<li>Lebensmittelqualit\u00e4t, tropffreier Silikon-Auslauf.<\/li>\n<li>Kompaktes und bequemes Design.<\/li>\n<\/ul>","protected":false},"featured_media":5203,"comment_status":"open","ping_status":"closed","template":"","meta":{"_acf_changed":false},"product_brand":[],"product_cat":[69,250],"product_tag":[],"class_list":{"0":"post-5201","1":"product","2":"type-product","3":"status-publish","4":"has-post-thumbnail","6":"product_cat-oil-dispensers","7":"product_cat-oil-vinegar-dispenser","9":"first","10":"instock","11":"shipping-taxable","12":"purchasable","13":"product-type-variable"},"acf":[],"_links":{"self":[{"href":"https:\/\/www.sinoglass.com\/de\/wp-json\/wp\/v2\/product\/5201","targetHints":{"allow":["GET"]}}],"collection":[{"href":"https:\/\/www.sinoglass.com\/de\/wp-json\/wp\/v2\/product"}],"about":[{"href":"https:\/\/www.sinoglass.com\/de\/wp-json\/wp\/v2\/types\/product"}],"replies":[{"embeddable":true,"href":"https:\/\/www.sinoglass.com\/de\/wp-json\/wp\/v2\/comments?post=5201"}],"wp:featuredmedia":[{"embeddable":true,"href":"https:\/\/www.sinoglass.com\/de\/wp-json\/wp\/v2\/media\/5203"}],"wp:attachment":[{"href":"https:\/\/www.sinoglass.com\/de\/wp-json\/wp\/v2\/media?parent=5201"}],"wp:term":[{"taxonomy":"product_brand","embeddable":true,"href":"https:\/\/www.sinoglass.com\/de\/wp-json\/wp\/v2\/product_brand?post=5201"},{"taxonomy":"product_cat","embeddable":true,"href":"https:\/\/www.sinoglass.com\/de\/wp-json\/wp\/v2\/product_cat?post=5201"},{"taxonomy":"product_tag","embeddable":true,"href":"https:\/\/www.sinoglass.com\/de\/wp-json\/wp\/v2\/product_tag?post=5201"}],"curies":[{"name":"WP","href":"https:\/\/api.w.org\/{rel}","templated":true}]}}