{"id":5196,"date":"2024-04-28T11:43:36","date_gmt":"2024-04-28T03:43:36","guid":{"rendered":"https:\/\/www.sinoglass.com\/?post_type=product&#038;p=5196"},"modified":"2025-04-21T13:57:50","modified_gmt":"2025-04-21T05:57:50","slug":"oil-salt-and-pepper-tray","status":"publish","type":"product","link":"https:\/\/www.sinoglass.com\/de\/product\/oil-salt-and-pepper-tray\/","title":{"rendered":"\u00d6l Salz und Pfeffer Tray &#8211; Etikett #89582012"},"content":{"rendered":"<p>Ihre K\u00fcche wird mit MAGNETO einzigartig sein. Die innovativen Plastikflaschen mit einem neu gestalteten Deckel verf\u00fcgen \u00fcber eine ungew\u00f6hnliche Eigenschaft \u2013 einen Magnetstreifen, der die Flasche auf einer Metalloberfl\u00e4che h\u00e4lt. Ein K\u00fchlschrank, Messerhalter, Gew\u00fcrzregel, Herd &#8230; Alles sind kreative M\u00f6glichkeiten. Der Auslauf ist tropffrei und ein Loch auf der Oberseite hilft einem reibungslosen Durchfluss.<\/p>","protected":false},"excerpt":{"rendered":"<ul>\n<li>Kunststoffk\u00f6rper und neues Deckeldesign.<\/li>\n<li>2-Etikett f\u00fcr ein Set enthalten.<\/li>\n<li>Loch oben f\u00fcr einen reibungslosen Fluss.<\/li>\n<\/ul>","protected":false},"featured_media":5180,"comment_status":"open","ping_status":"closed","template":"","meta":{"_acf_changed":false},"product_brand":[],"product_cat":[69,106],"product_tag":[],"class_list":{"0":"post-5196","1":"product","2":"type-product","3":"status-publish","4":"has-post-thumbnail","6":"product_cat-oil-dispensers","7":"product_cat-salad-dressing-set","9":"first","10":"instock","11":"shipping-taxable","12":"purchasable","13":"product-type-variable"},"acf":[],"_links":{"self":[{"href":"https:\/\/www.sinoglass.com\/de\/wp-json\/wp\/v2\/product\/5196","targetHints":{"allow":["GET"]}}],"collection":[{"href":"https:\/\/www.sinoglass.com\/de\/wp-json\/wp\/v2\/product"}],"about":[{"href":"https:\/\/www.sinoglass.com\/de\/wp-json\/wp\/v2\/types\/product"}],"replies":[{"embeddable":true,"href":"https:\/\/www.sinoglass.com\/de\/wp-json\/wp\/v2\/comments?post=5196"}],"wp:featuredmedia":[{"embeddable":true,"href":"https:\/\/www.sinoglass.com\/de\/wp-json\/wp\/v2\/media\/5180"}],"wp:attachment":[{"href":"https:\/\/www.sinoglass.com\/de\/wp-json\/wp\/v2\/media?parent=5196"}],"wp:term":[{"taxonomy":"product_brand","embeddable":true,"href":"https:\/\/www.sinoglass.com\/de\/wp-json\/wp\/v2\/product_brand?post=5196"},{"taxonomy":"product_cat","embeddable":true,"href":"https:\/\/www.sinoglass.com\/de\/wp-json\/wp\/v2\/product_cat?post=5196"},{"taxonomy":"product_tag","embeddable":true,"href":"https:\/\/www.sinoglass.com\/de\/wp-json\/wp\/v2\/product_tag?post=5196"}],"curies":[{"name":"WP","href":"https:\/\/api.w.org\/{rel}","templated":true}]}}