{"id":5157,"date":"2024-04-26T13:59:37","date_gmt":"2024-04-26T05:59:37","guid":{"rendered":"https:\/\/www.sinoglass.com\/?post_type=product&#038;p=5157"},"modified":"2025-01-17T09:03:23","modified_gmt":"2025-01-17T01:03:23","slug":"olive-oil-cruet","status":"publish","type":"product","link":"https:\/\/www.sinoglass.com\/de\/product\/olive-oil-cruet\/","title":{"rendered":"Oliven\u00f6l Cruet Glas #8334000"},"content":{"rendered":"<p>Eine kreisf\u00f6rmige Glas\u00f6lflasche gepaart mit einer Edelstahlkappe mit einem leckfesten \u00d6lauslauf steht f\u00fcr Einfachheit und Praktizit\u00e4t. Diese \u00d6lflasche erm\u00f6glicht es Ihnen, leicht \u00d6l hinzuzuf\u00fcgen und zu gie\u00dfen, ohne dass komplexe Strukturen und Operationen erforderlich sind, so dass Sie sich auf das Kochen konzentrieren k\u00f6nnen.<\/p>","protected":false},"excerpt":{"rendered":"<ul>\n<li>Ein einfaches Design mit einem genialen Vorteil &#8211; Abdecken Sie das Luftloch auf der Oberseite, um den Durchfluss zu steuern.<\/li>\n<li>Leicht zu tragen Tray h\u00e4lt zwei \u00d6lflaschen und drei Gew\u00fcrzglaschen.<\/li>\n<\/ul>","protected":false},"featured_media":5186,"comment_status":"open","ping_status":"closed","template":"","meta":{"_acf_changed":false},"product_brand":[],"product_cat":[69,250],"product_tag":[],"class_list":{"0":"post-5157","1":"product","2":"type-product","3":"status-publish","4":"has-post-thumbnail","6":"product_cat-oil-dispensers","7":"product_cat-oil-vinegar-dispenser","9":"first","10":"instock","11":"shipping-taxable","12":"purchasable","13":"product-type-variable"},"acf":[],"_links":{"self":[{"href":"https:\/\/www.sinoglass.com\/de\/wp-json\/wp\/v2\/product\/5157","targetHints":{"allow":["GET"]}}],"collection":[{"href":"https:\/\/www.sinoglass.com\/de\/wp-json\/wp\/v2\/product"}],"about":[{"href":"https:\/\/www.sinoglass.com\/de\/wp-json\/wp\/v2\/types\/product"}],"replies":[{"embeddable":true,"href":"https:\/\/www.sinoglass.com\/de\/wp-json\/wp\/v2\/comments?post=5157"}],"wp:featuredmedia":[{"embeddable":true,"href":"https:\/\/www.sinoglass.com\/de\/wp-json\/wp\/v2\/media\/5186"}],"wp:attachment":[{"href":"https:\/\/www.sinoglass.com\/de\/wp-json\/wp\/v2\/media?parent=5157"}],"wp:term":[{"taxonomy":"product_brand","embeddable":true,"href":"https:\/\/www.sinoglass.com\/de\/wp-json\/wp\/v2\/product_brand?post=5157"},{"taxonomy":"product_cat","embeddable":true,"href":"https:\/\/www.sinoglass.com\/de\/wp-json\/wp\/v2\/product_cat?post=5157"},{"taxonomy":"product_tag","embeddable":true,"href":"https:\/\/www.sinoglass.com\/de\/wp-json\/wp\/v2\/product_tag?post=5157"}],"curies":[{"name":"WP","href":"https:\/\/api.w.org\/{rel}","templated":true}]}}