{"id":5149,"date":"2024-04-26T13:46:32","date_gmt":"2024-04-26T05:46:32","guid":{"rendered":"https:\/\/www.sinoglass.com\/?post_type=product&#038;p=5149"},"modified":"2024-04-26T13:59:09","modified_gmt":"2024-04-26T05:59:09","slug":"salt-and-pepper-oil-bottle","status":"publish","type":"product","link":"https:\/\/www.sinoglass.com\/de\/product\/salt-and-pepper-oil-bottle\/","title":{"rendered":"Salz- und Pfeffer\u00f6lflasche #88802000"},"content":{"rendered":"<p>Einfache und praktische Darstellung, zylindrische Glasflasche mit Edelstahldekorativem Deckel, eine transparente Kappe kann den Anti-Tropf-\u00d6lauslauf abdecken. Sie k\u00f6nnen auch aus drei verschiedenen Flaschengr\u00f6\u00dfen nach Ihren Bed\u00fcrfnissen w\u00e4hlen. Passen Sie mit Gew\u00fcrzglern und Regalen, um ein Salatdressing-Set zu erstellen, so dass es bequem f\u00fcr Sie ist, jederzeit und \u00fcberall zu verwenden.<\/p>","protected":false},"excerpt":{"rendered":"<ul>\n<li>Der nicht tropfende Auslauf l\u00e4sst Sie die richtige Menge ohne Chaos gie\u00dfen.<\/li>\n<li>Eine leckdichte Kappe h\u00e4lt Ihr \u00d6l sauber und ist in zwei Farben erh\u00e4ltlich.<\/li>\n<li>Das kompakte und ausgewogene Tray verf\u00fcgt \u00fcber einen attraktiven Chromgriff.<\/li>\n<li>Wenden Sie die perfekte Menge an. Unsere Gew\u00fcrzgl\u00e4ser sind leicht verstellbar f\u00fcr ein Streuen oder Gie\u00dfen.<\/li>\n<\/ul>","protected":false},"featured_media":5156,"comment_status":"open","ping_status":"closed","template":"","meta":{"_acf_changed":false},"product_brand":[],"product_cat":[69,106],"product_tag":[],"class_list":{"0":"post-5149","1":"product","2":"type-product","3":"status-publish","4":"has-post-thumbnail","6":"product_cat-oil-dispensers","7":"product_cat-salad-dressing-set","9":"first","10":"instock","11":"shipping-taxable","12":"purchasable","13":"product-type-variable"},"acf":[],"_links":{"self":[{"href":"https:\/\/www.sinoglass.com\/de\/wp-json\/wp\/v2\/product\/5149","targetHints":{"allow":["GET"]}}],"collection":[{"href":"https:\/\/www.sinoglass.com\/de\/wp-json\/wp\/v2\/product"}],"about":[{"href":"https:\/\/www.sinoglass.com\/de\/wp-json\/wp\/v2\/types\/product"}],"replies":[{"embeddable":true,"href":"https:\/\/www.sinoglass.com\/de\/wp-json\/wp\/v2\/comments?post=5149"}],"wp:featuredmedia":[{"embeddable":true,"href":"https:\/\/www.sinoglass.com\/de\/wp-json\/wp\/v2\/media\/5156"}],"wp:attachment":[{"href":"https:\/\/www.sinoglass.com\/de\/wp-json\/wp\/v2\/media?parent=5149"}],"wp:term":[{"taxonomy":"product_brand","embeddable":true,"href":"https:\/\/www.sinoglass.com\/de\/wp-json\/wp\/v2\/product_brand?post=5149"},{"taxonomy":"product_cat","embeddable":true,"href":"https:\/\/www.sinoglass.com\/de\/wp-json\/wp\/v2\/product_cat?post=5149"},{"taxonomy":"product_tag","embeddable":true,"href":"https:\/\/www.sinoglass.com\/de\/wp-json\/wp\/v2\/product_tag?post=5149"}],"curies":[{"name":"WP","href":"https:\/\/api.w.org\/{rel}","templated":true}]}}