{"id":5035,"date":"2024-04-25T15:18:52","date_gmt":"2024-04-25T07:18:52","guid":{"rendered":"https:\/\/www.sinoglass.com\/?post_type=product&#038;p=5035"},"modified":"2025-04-21T14:02:29","modified_gmt":"2025-04-21T06:02:29","slug":"glass-salt-and-pepper-mills","status":"publish","type":"product","link":"https:\/\/www.sinoglass.com\/de\/product\/glass-salt-and-pepper-mills\/","title":{"rendered":"Glas Salz- und Pfefferm\u00fchlen #8436000"},"content":{"rendered":"<p>Eine dauerhafte Gew\u00fcrzschleifmaschine mit einer hochwertigen Keramikschleifmaschine ist unerl\u00e4sslich. Dar\u00fcber hinaus ist ein Edelstahldeckel auch eine gute Wahl. Das Glasglas bietet einen visuellen Effekt. Zusammenfassend ist dies eine hochwertige und stilvolle K\u00fcchenschleife.<\/p>","protected":false},"excerpt":{"rendered":"<ul>\n<li>Eine Edelstahlplatte h\u00e4lt die Gew\u00fcrze sauber und trocken.<\/li>\n<li>Hochwertiges Glas hat eine leichte Griffform.<\/li>\n<li>Keramischer Mechanismus verstellbar von fein bis grob.<\/li>\n<\/ul>","protected":false},"featured_media":5045,"comment_status":"open","ping_status":"closed","template":"","meta":{"_acf_changed":false},"product_brand":[],"product_cat":[268,71],"product_tag":[],"class_list":{"0":"post-5035","1":"product","2":"type-product","3":"status-publish","4":"has-post-thumbnail","6":"product_cat-glass-plastic-mills","7":"product_cat-mills-grinders","9":"first","10":"instock","11":"shipping-taxable","12":"purchasable","13":"product-type-variable"},"acf":[],"_links":{"self":[{"href":"https:\/\/www.sinoglass.com\/de\/wp-json\/wp\/v2\/product\/5035","targetHints":{"allow":["GET"]}}],"collection":[{"href":"https:\/\/www.sinoglass.com\/de\/wp-json\/wp\/v2\/product"}],"about":[{"href":"https:\/\/www.sinoglass.com\/de\/wp-json\/wp\/v2\/types\/product"}],"replies":[{"embeddable":true,"href":"https:\/\/www.sinoglass.com\/de\/wp-json\/wp\/v2\/comments?post=5035"}],"wp:featuredmedia":[{"embeddable":true,"href":"https:\/\/www.sinoglass.com\/de\/wp-json\/wp\/v2\/media\/5045"}],"wp:attachment":[{"href":"https:\/\/www.sinoglass.com\/de\/wp-json\/wp\/v2\/media?parent=5035"}],"wp:term":[{"taxonomy":"product_brand","embeddable":true,"href":"https:\/\/www.sinoglass.com\/de\/wp-json\/wp\/v2\/product_brand?post=5035"},{"taxonomy":"product_cat","embeddable":true,"href":"https:\/\/www.sinoglass.com\/de\/wp-json\/wp\/v2\/product_cat?post=5035"},{"taxonomy":"product_tag","embeddable":true,"href":"https:\/\/www.sinoglass.com\/de\/wp-json\/wp\/v2\/product_tag?post=5035"}],"curies":[{"name":"WP","href":"https:\/\/api.w.org\/{rel}","templated":true}]}}