{"id":5018,"date":"2024-04-25T14:43:30","date_gmt":"2024-04-25T06:43:30","guid":{"rendered":"https:\/\/www.sinoglass.com\/?post_type=product&#038;p=5018"},"modified":"2025-04-21T13:57:23","modified_gmt":"2025-04-21T05:57:23","slug":"stainless-steel-salt-and-pepper-mills","status":"publish","type":"product","link":"https:\/\/www.sinoglass.com\/de\/product\/stainless-steel-salt-and-pepper-mills\/","title":{"rendered":"Salz- und Pfefferm\u00fchle aus Edelstahl #8358204301"},"content":{"rendered":"<p>Frischgemahlene Gew\u00fcrze verleihen Ihrem Essen einen Geschmackssprung, und unsere stilvollen und robusten SLIMLINE-M\u00fchlen verf\u00fcgen \u00fcber keramische Mechanismen, die von fein bis grob einstellbar sind. Entfernen Sie den kleinen Knopf oben, um zu f\u00fcllen, drehen Sie den gleichen Knopf, um den Schleif anzupassen. Das Rippenschleifrad ist effizient und einfach zu greifen. Erh\u00e4ltlich in zwei Gr\u00f6\u00dfen 6 Zoll und 8 Zoll.<\/p>","protected":false},"excerpt":{"rendered":"<ul>\n<li>Konstruktion aus Edelstahl.<\/li>\n<li>Keramischer Mechanismus, Gummi-Ring-Einstellknopf.<\/li>\n<li>Verstellknopf aus Edelstahl, wei\u00df f\u00fcr Salz, schwarz f\u00fcr Pfeffer.<\/li>\n<li>Stilvolle Oberfl\u00e4chen in zwei Gr\u00f6\u00dfen erh\u00e4ltlich.<\/li>\n<\/ul>","protected":false},"featured_media":3525,"comment_status":"open","ping_status":"closed","template":"","meta":{"_acf_changed":false},"product_brand":[],"product_cat":[71,113],"product_tag":[],"class_list":{"0":"post-5018","1":"product","2":"type-product","3":"status-publish","4":"has-post-thumbnail","6":"product_cat-mills-grinders","7":"product_cat-stainless-steel-mill","9":"first","10":"instock","11":"shipping-taxable","12":"purchasable","13":"product-type-variable"},"acf":[],"_links":{"self":[{"href":"https:\/\/www.sinoglass.com\/de\/wp-json\/wp\/v2\/product\/5018","targetHints":{"allow":["GET"]}}],"collection":[{"href":"https:\/\/www.sinoglass.com\/de\/wp-json\/wp\/v2\/product"}],"about":[{"href":"https:\/\/www.sinoglass.com\/de\/wp-json\/wp\/v2\/types\/product"}],"replies":[{"embeddable":true,"href":"https:\/\/www.sinoglass.com\/de\/wp-json\/wp\/v2\/comments?post=5018"}],"wp:featuredmedia":[{"embeddable":true,"href":"https:\/\/www.sinoglass.com\/de\/wp-json\/wp\/v2\/media\/3525"}],"wp:attachment":[{"href":"https:\/\/www.sinoglass.com\/de\/wp-json\/wp\/v2\/media?parent=5018"}],"wp:term":[{"taxonomy":"product_brand","embeddable":true,"href":"https:\/\/www.sinoglass.com\/de\/wp-json\/wp\/v2\/product_brand?post=5018"},{"taxonomy":"product_cat","embeddable":true,"href":"https:\/\/www.sinoglass.com\/de\/wp-json\/wp\/v2\/product_cat?post=5018"},{"taxonomy":"product_tag","embeddable":true,"href":"https:\/\/www.sinoglass.com\/de\/wp-json\/wp\/v2\/product_tag?post=5018"}],"curies":[{"name":"WP","href":"https:\/\/api.w.org\/{rel}","templated":true}]}}