{"id":5016,"date":"2024-04-25T14:42:34","date_gmt":"2024-04-25T06:42:34","guid":{"rendered":"https:\/\/www.sinoglass.com\/?post_type=product&#038;p=5016"},"modified":"2025-04-21T14:02:41","modified_gmt":"2025-04-21T06:02:41","slug":"grinder-for-salt-and-pepper","status":"publish","type":"product","link":"https:\/\/www.sinoglass.com\/de\/product\/grinder-for-salt-and-pepper\/","title":{"rendered":"Schleifmaschine f\u00fcr Salz und Pfeffer #89952002"},"content":{"rendered":"<p>F\u00fcr einen kleineren Raum und einen anderen Look ist die INVERTED M\u00fchle eine gute Wahl. Das komfortable Schleifrad mit texturiertem Griff sitzt auf einem robusten Glask\u00f6rper. Der wei\u00dfe Griff ist f\u00fcr Salz, der schwarze Griff ist f\u00fcr Pfeffer.<\/p>","protected":false},"excerpt":{"rendered":"<ul>\n<li>Keramischer Mechanismus verstellbar von fein bis grob.<\/li>\n<li>Bequemes texturiertes Schleifrad.<\/li>\n<li>Die Edelstahlplatte kann Salz oder Pfeffer sauber und trocken halten.<\/li>\n<li>Eine breite \u00d6ffnung der robusten Glasflasche f\u00fcr eine bequeme F\u00fcllung.<\/li>\n<\/ul>","protected":false},"featured_media":5022,"comment_status":"open","ping_status":"closed","template":"","meta":{"_acf_changed":false},"product_brand":[],"product_cat":[268,71],"product_tag":[],"class_list":{"0":"post-5016","1":"product","2":"type-product","3":"status-publish","4":"has-post-thumbnail","6":"product_cat-glass-plastic-mills","7":"product_cat-mills-grinders","9":"first","10":"instock","11":"shipping-taxable","12":"purchasable","13":"product-type-variable"},"acf":[],"_links":{"self":[{"href":"https:\/\/www.sinoglass.com\/de\/wp-json\/wp\/v2\/product\/5016","targetHints":{"allow":["GET"]}}],"collection":[{"href":"https:\/\/www.sinoglass.com\/de\/wp-json\/wp\/v2\/product"}],"about":[{"href":"https:\/\/www.sinoglass.com\/de\/wp-json\/wp\/v2\/types\/product"}],"replies":[{"embeddable":true,"href":"https:\/\/www.sinoglass.com\/de\/wp-json\/wp\/v2\/comments?post=5016"}],"wp:featuredmedia":[{"embeddable":true,"href":"https:\/\/www.sinoglass.com\/de\/wp-json\/wp\/v2\/media\/5022"}],"wp:attachment":[{"href":"https:\/\/www.sinoglass.com\/de\/wp-json\/wp\/v2\/media?parent=5016"}],"wp:term":[{"taxonomy":"product_brand","embeddable":true,"href":"https:\/\/www.sinoglass.com\/de\/wp-json\/wp\/v2\/product_brand?post=5016"},{"taxonomy":"product_cat","embeddable":true,"href":"https:\/\/www.sinoglass.com\/de\/wp-json\/wp\/v2\/product_cat?post=5016"},{"taxonomy":"product_tag","embeddable":true,"href":"https:\/\/www.sinoglass.com\/de\/wp-json\/wp\/v2\/product_tag?post=5016"}],"curies":[{"name":"WP","href":"https:\/\/api.w.org\/{rel}","templated":true}]}}