{"id":4997,"date":"2024-04-25T14:04:37","date_gmt":"2024-04-25T06:04:37","guid":{"rendered":"https:\/\/www.sinoglass.com\/?post_type=product&#038;p=4997"},"modified":"2025-04-21T14:03:01","modified_gmt":"2025-04-21T06:03:01","slug":"salt-pepper-mills-grinder","status":"publish","type":"product","link":"https:\/\/www.sinoglass.com\/de\/product\/salt-pepper-mills-grinder\/","title":{"rendered":"2 in 1 Salz &#038; Pfefferm\u00fchle Schleifmaschine #79292002"},"content":{"rendered":"<p>Kompakt und stilvoll ist der 2-IN-1 die richtige Wahl f\u00fcr eine Salz- und Pfefferm\u00fchle. Schleifen Sie das Salz, drehen Sie es um, um Pfeffer zu schleifen. Der lebenslange Keramikmechanismus ist von fein bis grob einstellbar.<\/p>","protected":false},"excerpt":{"rendered":"<ul>\n<li>Edelstahl-Doppelkopf-Wechselrichterm\u00fchle f\u00fcr Salz und Pfeffer.<\/li>\n<li>Texturierter Griff f\u00fcr einfache Bedienung.<\/li>\n<li>Griff erh\u00e4ltlich in schwarz und wei\u00df.<\/li>\n<\/ul>","protected":false},"featured_media":5000,"comment_status":"open","ping_status":"closed","template":"","meta":{"_acf_changed":false},"product_brand":[],"product_cat":[71,113],"product_tag":[],"class_list":{"0":"post-4997","1":"product","2":"type-product","3":"status-publish","4":"has-post-thumbnail","6":"product_cat-mills-grinders","7":"product_cat-stainless-steel-mill","9":"first","10":"instock","11":"shipping-taxable","12":"purchasable","13":"product-type-variable"},"acf":[],"_links":{"self":[{"href":"https:\/\/www.sinoglass.com\/de\/wp-json\/wp\/v2\/product\/4997","targetHints":{"allow":["GET"]}}],"collection":[{"href":"https:\/\/www.sinoglass.com\/de\/wp-json\/wp\/v2\/product"}],"about":[{"href":"https:\/\/www.sinoglass.com\/de\/wp-json\/wp\/v2\/types\/product"}],"replies":[{"embeddable":true,"href":"https:\/\/www.sinoglass.com\/de\/wp-json\/wp\/v2\/comments?post=4997"}],"wp:featuredmedia":[{"embeddable":true,"href":"https:\/\/www.sinoglass.com\/de\/wp-json\/wp\/v2\/media\/5000"}],"wp:attachment":[{"href":"https:\/\/www.sinoglass.com\/de\/wp-json\/wp\/v2\/media?parent=4997"}],"wp:term":[{"taxonomy":"product_brand","embeddable":true,"href":"https:\/\/www.sinoglass.com\/de\/wp-json\/wp\/v2\/product_brand?post=4997"},{"taxonomy":"product_cat","embeddable":true,"href":"https:\/\/www.sinoglass.com\/de\/wp-json\/wp\/v2\/product_cat?post=4997"},{"taxonomy":"product_tag","embeddable":true,"href":"https:\/\/www.sinoglass.com\/de\/wp-json\/wp\/v2\/product_tag?post=4997"}],"curies":[{"name":"WP","href":"https:\/\/api.w.org\/{rel}","templated":true}]}}