{"id":4957,"date":"2024-04-25T10:14:26","date_gmt":"2024-04-25T02:14:26","guid":{"rendered":"https:\/\/www.sinoglass.com\/?post_type=product&#038;p=4957"},"modified":"2024-04-25T17:33:39","modified_gmt":"2024-04-25T09:33:39","slug":"wooden-salt-pepper-grinder","status":"publish","type":"product","link":"https:\/\/www.sinoglass.com\/de\/product\/wooden-salt-pepper-grinder\/","title":{"rendered":"Holzsalz Pfeffer M\u00fchler #8489900601"},"content":{"rendered":"<p>Die MILLWOOD SERIE hat ein Design, das Sie sich erinnern werden, mit einem modernen Mechanismus f\u00fcr Jahre Gebrauch. Diese hochwertigen Holzm\u00fchlen sind in vier Gr\u00f6\u00dfen und Oberfl\u00e4chen erh\u00e4ltlich und verf\u00fcgen \u00fcber einen keramischen Mechanismus, der von fein bis grob schleifen kann. F\u00fcr die klassische K\u00fcche und einen Heritage-Stil ist die MILLWOOD SERIE die richtige Wahl.<\/p>","protected":false},"excerpt":{"rendered":"<ul>\n<li>Moderner Keramikmechanismus verstellbar von fein bis grob.<\/li>\n<li>Vier verf\u00fcgbare Gr\u00f6\u00dfen.<\/li>\n<li>Verstellknopf aus Edelstahl, wei\u00df f\u00fcr Salz, schwarz f\u00fcr Pfeffer.<\/li>\n<li>Verf\u00fcgbare Oberfl\u00e4chen&#8211; Gummiholz, antikes Gummiholz und anderes anpassbares Holz.<\/li>\n<\/ul>","protected":false},"featured_media":4961,"comment_status":"open","ping_status":"closed","template":"","meta":{"_acf_changed":false},"product_brand":[],"product_cat":[218,71,89],"product_tag":[],"class_list":{"0":"post-4957","1":"product","2":"type-product","3":"status-publish","4":"has-post-thumbnail","6":"product_cat-eco-friendly","7":"product_cat-mills-grinders","8":"product_cat-wood-mill","10":"first","11":"instock","12":"shipping-taxable","13":"purchasable","14":"product-type-variable"},"acf":[],"_links":{"self":[{"href":"https:\/\/www.sinoglass.com\/de\/wp-json\/wp\/v2\/product\/4957","targetHints":{"allow":["GET"]}}],"collection":[{"href":"https:\/\/www.sinoglass.com\/de\/wp-json\/wp\/v2\/product"}],"about":[{"href":"https:\/\/www.sinoglass.com\/de\/wp-json\/wp\/v2\/types\/product"}],"replies":[{"embeddable":true,"href":"https:\/\/www.sinoglass.com\/de\/wp-json\/wp\/v2\/comments?post=4957"}],"wp:featuredmedia":[{"embeddable":true,"href":"https:\/\/www.sinoglass.com\/de\/wp-json\/wp\/v2\/media\/4961"}],"wp:attachment":[{"href":"https:\/\/www.sinoglass.com\/de\/wp-json\/wp\/v2\/media?parent=4957"}],"wp:term":[{"taxonomy":"product_brand","embeddable":true,"href":"https:\/\/www.sinoglass.com\/de\/wp-json\/wp\/v2\/product_brand?post=4957"},{"taxonomy":"product_cat","embeddable":true,"href":"https:\/\/www.sinoglass.com\/de\/wp-json\/wp\/v2\/product_cat?post=4957"},{"taxonomy":"product_tag","embeddable":true,"href":"https:\/\/www.sinoglass.com\/de\/wp-json\/wp\/v2\/product_tag?post=4957"}],"curies":[{"name":"WP","href":"https:\/\/api.w.org\/{rel}","templated":true}]}}