{"id":4927,"date":"2024-04-24T10:57:00","date_gmt":"2024-04-24T02:57:00","guid":{"rendered":"https:\/\/www.sinoglass.com\/?post_type=product&#038;p=4927"},"modified":"2024-11-22T16:38:31","modified_gmt":"2024-11-22T08:38:31","slug":"wooden-salt-and-pepper-grinders","status":"publish","type":"product","link":"https:\/\/www.sinoglass.com\/de\/product\/wooden-salt-and-pepper-grinders\/","title":{"rendered":"Holzsalz- und Pfefferm\u00e4ler #89749002"},"content":{"rendered":"<p>Gourmetsalz und ganzer Pfeffer, frisch aus einer ELEGANT Gummiholzm\u00fchle gemahlen, geben jedem Gericht Geschmack und Raffinesse. Der echte Gummiholzk\u00f6rper erg\u00e4nzt jede Dekoration, und das Starburst-Schleifrad kommt mit unserem einzigartigen farbkodierten Band auf dem Verstellknopf, damit Sie wissen, was Salz ist und was Pfeffer ist. Sowohl die Modelle SLIM als auch BELLE verf\u00fcgen \u00fcber unseren hochwertigen, lebenslangen Keramikmechanismus, so dass Sie den Schleif schnell von fein bis grob einstellen k\u00f6nnen.<\/p>","protected":false},"excerpt":{"rendered":"<ul>\n<li>Starburst Schleifrad f\u00fcr einfache Bedienung.<\/li>\n<li>Haltbarer keramischer Mechanismus.<\/li>\n<li>Gummi ringte Einstellknopf, wei\u00df f\u00fcr Salz, schwarz f\u00fcr Pfeffer.<\/li>\n<li>Erh\u00e4ltlich in SLIM und BELLE.<\/li>\n<\/ul>","protected":false},"featured_media":4935,"comment_status":"open","ping_status":"closed","template":"","meta":{"_acf_changed":false},"product_brand":[],"product_cat":[218,71,89],"product_tag":[],"class_list":{"0":"post-4927","1":"product","2":"type-product","3":"status-publish","4":"has-post-thumbnail","6":"product_cat-eco-friendly","7":"product_cat-mills-grinders","8":"product_cat-wood-mill","10":"first","11":"instock","12":"shipping-taxable","13":"purchasable","14":"product-type-variable"},"acf":[],"_links":{"self":[{"href":"https:\/\/www.sinoglass.com\/de\/wp-json\/wp\/v2\/product\/4927","targetHints":{"allow":["GET"]}}],"collection":[{"href":"https:\/\/www.sinoglass.com\/de\/wp-json\/wp\/v2\/product"}],"about":[{"href":"https:\/\/www.sinoglass.com\/de\/wp-json\/wp\/v2\/types\/product"}],"replies":[{"embeddable":true,"href":"https:\/\/www.sinoglass.com\/de\/wp-json\/wp\/v2\/comments?post=4927"}],"wp:featuredmedia":[{"embeddable":true,"href":"https:\/\/www.sinoglass.com\/de\/wp-json\/wp\/v2\/media\/4935"}],"wp:attachment":[{"href":"https:\/\/www.sinoglass.com\/de\/wp-json\/wp\/v2\/media?parent=4927"}],"wp:term":[{"taxonomy":"product_brand","embeddable":true,"href":"https:\/\/www.sinoglass.com\/de\/wp-json\/wp\/v2\/product_brand?post=4927"},{"taxonomy":"product_cat","embeddable":true,"href":"https:\/\/www.sinoglass.com\/de\/wp-json\/wp\/v2\/product_cat?post=4927"},{"taxonomy":"product_tag","embeddable":true,"href":"https:\/\/www.sinoglass.com\/de\/wp-json\/wp\/v2\/product_tag?post=4927"}],"curies":[{"name":"WP","href":"https:\/\/api.w.org\/{rel}","templated":true}]}}