{"id":4899,"date":"2024-04-23T16:55:14","date_gmt":"2024-04-23T08:55:14","guid":{"rendered":"https:\/\/www.sinoglass.com\/?post_type=product&#038;p=4899"},"modified":"2024-04-23T17:14:13","modified_gmt":"2024-04-23T09:14:13","slug":"salt-pepper-vinegar-set","status":"publish","type":"product","link":"https:\/\/www.sinoglass.com\/de\/product\/salt-pepper-vinegar-set\/","title":{"rendered":"Salz Pfeffer Essig Set #87772000"},"content":{"rendered":"<p>Der drehende Deckel versteckt den Auslauf und verhindert, dass Staub und Insekten in die Flasche gelangen. Dies ist unser einzigartiger und praktischer Deckel. Dar\u00fcber hinaus bieten wir auch ein Regal, das zwei \u00d6lflaschen und zwei Gew\u00fcrzgl\u00e4ser zusammen kombinieren kann, was es zu einem ausgezeichneten \u00d6l- und Gew\u00fcrzflaschenset f\u00fcr Ihre Zuhause- oder Campingbed\u00fcrfnisse macht und Ihr Kochen erleichtert.<\/p>","protected":false},"excerpt":{"rendered":"<ul>\n<li>Drehen, um zu offenbaren, drehen, um zu verbergen.<\/li>\n<li>Der Spout ist immer abgedeckt, wenn er nicht verwendet wird.<\/li>\n<li>Spa\u00df zu bedienen, mit hygienischem und tropffreiem Auslauf.<\/li>\n<li>Teil der McKormic Kollektion.<\/li>\n<\/ul>","protected":false},"featured_media":4894,"comment_status":"open","ping_status":"closed","template":"","meta":{"_acf_changed":false},"product_brand":[],"product_cat":[69,106],"product_tag":[],"class_list":{"0":"post-4899","1":"product","2":"type-product","3":"status-publish","4":"has-post-thumbnail","6":"product_cat-oil-dispensers","7":"product_cat-salad-dressing-set","9":"first","10":"instock","11":"shipping-taxable","12":"purchasable","13":"product-type-variable"},"acf":[],"_links":{"self":[{"href":"https:\/\/www.sinoglass.com\/de\/wp-json\/wp\/v2\/product\/4899","targetHints":{"allow":["GET"]}}],"collection":[{"href":"https:\/\/www.sinoglass.com\/de\/wp-json\/wp\/v2\/product"}],"about":[{"href":"https:\/\/www.sinoglass.com\/de\/wp-json\/wp\/v2\/types\/product"}],"replies":[{"embeddable":true,"href":"https:\/\/www.sinoglass.com\/de\/wp-json\/wp\/v2\/comments?post=4899"}],"wp:featuredmedia":[{"embeddable":true,"href":"https:\/\/www.sinoglass.com\/de\/wp-json\/wp\/v2\/media\/4894"}],"wp:attachment":[{"href":"https:\/\/www.sinoglass.com\/de\/wp-json\/wp\/v2\/media?parent=4899"}],"wp:term":[{"taxonomy":"product_brand","embeddable":true,"href":"https:\/\/www.sinoglass.com\/de\/wp-json\/wp\/v2\/product_brand?post=4899"},{"taxonomy":"product_cat","embeddable":true,"href":"https:\/\/www.sinoglass.com\/de\/wp-json\/wp\/v2\/product_cat?post=4899"},{"taxonomy":"product_tag","embeddable":true,"href":"https:\/\/www.sinoglass.com\/de\/wp-json\/wp\/v2\/product_tag?post=4899"}],"curies":[{"name":"WP","href":"https:\/\/api.w.org\/{rel}","templated":true}]}}