{"id":4882,"date":"2024-04-23T13:01:19","date_gmt":"2024-04-23T05:01:19","guid":{"rendered":"https:\/\/www.sinoglass.com\/?post_type=product&#038;p=4882"},"modified":"2024-04-26T13:40:38","modified_gmt":"2024-04-26T05:40:38","slug":"salt-pepper-oil-set","status":"publish","type":"product","link":"https:\/\/www.sinoglass.com\/de\/product\/salt-pepper-oil-set\/","title":{"rendered":"Salz Pfeffer \u00d6l Set #79002006"},"content":{"rendered":"<p>Die BRUNO O\/V-Ausz\u00fcge bilden in Kombination mit den TUXEDO Gew\u00fcrzgl\u00e4sern ein attraktives und komfortables Set mit 2 verf\u00fcgbaren Rackstilen. Einfingerkappen auf klassischen quadratischen Gl\u00e4sern sind schnell zu \u00f6ffnen und bieten eine sichere Dichtung.<\/p>","protected":false},"excerpt":{"rendered":"<ul>\n<li>Mit einem Finger bet\u00e4tigte Hebelkappen klicken Sie auf \u00f6ffnen und versiegeln.<\/li>\n<li>Tropffreie Gie\u00dfspullen.<\/li>\n<li>Easy-Carry-Rack h\u00e4lt zwei \u00d6lflaschen und zwei Gew\u00fcrzglaschen<\/li>\n<li>Der robuste Tray enth\u00e4lt zwei \u00d6lflaschen und zwei Gew\u00fcrzgl\u00e4ser.<\/li>\n<li>Der einfache Eindruck-\u00d6ffnungs- und Schlie\u00dfmechanismus ist robust und stilvoll.<\/li>\n<\/ul>","protected":false},"featured_media":4878,"comment_status":"open","ping_status":"closed","template":"","meta":{"_acf_changed":false},"product_brand":[],"product_cat":[69,106],"product_tag":[],"class_list":{"0":"post-4882","1":"product","2":"type-product","3":"status-publish","4":"has-post-thumbnail","6":"product_cat-oil-dispensers","7":"product_cat-salad-dressing-set","9":"first","10":"instock","11":"shipping-taxable","12":"purchasable","13":"product-type-variable"},"acf":[],"_links":{"self":[{"href":"https:\/\/www.sinoglass.com\/de\/wp-json\/wp\/v2\/product\/4882","targetHints":{"allow":["GET"]}}],"collection":[{"href":"https:\/\/www.sinoglass.com\/de\/wp-json\/wp\/v2\/product"}],"about":[{"href":"https:\/\/www.sinoglass.com\/de\/wp-json\/wp\/v2\/types\/product"}],"replies":[{"embeddable":true,"href":"https:\/\/www.sinoglass.com\/de\/wp-json\/wp\/v2\/comments?post=4882"}],"wp:featuredmedia":[{"embeddable":true,"href":"https:\/\/www.sinoglass.com\/de\/wp-json\/wp\/v2\/media\/4878"}],"wp:attachment":[{"href":"https:\/\/www.sinoglass.com\/de\/wp-json\/wp\/v2\/media?parent=4882"}],"wp:term":[{"taxonomy":"product_brand","embeddable":true,"href":"https:\/\/www.sinoglass.com\/de\/wp-json\/wp\/v2\/product_brand?post=4882"},{"taxonomy":"product_cat","embeddable":true,"href":"https:\/\/www.sinoglass.com\/de\/wp-json\/wp\/v2\/product_cat?post=4882"},{"taxonomy":"product_tag","embeddable":true,"href":"https:\/\/www.sinoglass.com\/de\/wp-json\/wp\/v2\/product_tag?post=4882"}],"curies":[{"name":"WP","href":"https:\/\/api.w.org\/{rel}","templated":true}]}}