{"id":4824,"date":"2024-04-22T15:56:48","date_gmt":"2024-04-22T07:56:48","guid":{"rendered":"https:\/\/www.sinoglass.com\/?post_type=product&#038;p=4824"},"modified":"2025-01-17T09:04:41","modified_gmt":"2025-01-17T01:04:41","slug":"glass-oil-and-vinegar-dispenser","status":"publish","type":"product","link":"https:\/\/www.sinoglass.com\/de\/product\/glass-oil-and-vinegar-dispenser\/","title":{"rendered":"Glas\u00f6l- und Essigdispenser #7901A00101"},"content":{"rendered":"<p>Unsere beliebte BOBO Flasche kann jetzt Teil Ihrer SQUARE Kollektion sein. Eine verbesserte Deckelkonstruktion verbessert den Drehdeckel aus Edelstahl.<\/p>","protected":false},"excerpt":{"rendered":"<ul>\n<li>Transparentes, staubschutzendes Oberteil und einfach bestreubares Gew\u00fcrzglas.<\/li>\n<li>Gr\u00f6\u00dfere transparente Oberfl\u00e4che schnappt an Platz \u00fcber Stilvollen Edelstahldeckel.<\/li>\n<li>Einfaches Gie\u00dfen und Streuen Design.<\/li>\n<\/ul>","protected":false},"featured_media":4826,"comment_status":"open","ping_status":"closed","template":"","meta":{"_acf_changed":false},"product_brand":[],"product_cat":[69,250],"product_tag":[],"class_list":{"0":"post-4824","1":"product","2":"type-product","3":"status-publish","4":"has-post-thumbnail","6":"product_cat-oil-dispensers","7":"product_cat-oil-vinegar-dispenser","9":"first","10":"instock","11":"shipping-taxable","12":"purchasable","13":"product-type-variable"},"acf":[],"_links":{"self":[{"href":"https:\/\/www.sinoglass.com\/de\/wp-json\/wp\/v2\/product\/4824","targetHints":{"allow":["GET"]}}],"collection":[{"href":"https:\/\/www.sinoglass.com\/de\/wp-json\/wp\/v2\/product"}],"about":[{"href":"https:\/\/www.sinoglass.com\/de\/wp-json\/wp\/v2\/types\/product"}],"replies":[{"embeddable":true,"href":"https:\/\/www.sinoglass.com\/de\/wp-json\/wp\/v2\/comments?post=4824"}],"wp:featuredmedia":[{"embeddable":true,"href":"https:\/\/www.sinoglass.com\/de\/wp-json\/wp\/v2\/media\/4826"}],"wp:attachment":[{"href":"https:\/\/www.sinoglass.com\/de\/wp-json\/wp\/v2\/media?parent=4824"}],"wp:term":[{"taxonomy":"product_brand","embeddable":true,"href":"https:\/\/www.sinoglass.com\/de\/wp-json\/wp\/v2\/product_brand?post=4824"},{"taxonomy":"product_cat","embeddable":true,"href":"https:\/\/www.sinoglass.com\/de\/wp-json\/wp\/v2\/product_cat?post=4824"},{"taxonomy":"product_tag","embeddable":true,"href":"https:\/\/www.sinoglass.com\/de\/wp-json\/wp\/v2\/product_tag?post=4824"}],"curies":[{"name":"WP","href":"https:\/\/api.w.org\/{rel}","templated":true}]}}