{"id":4822,"date":"2024-04-22T15:39:22","date_gmt":"2024-04-22T07:39:22","guid":{"rendered":"https:\/\/www.sinoglass.com\/?post_type=product&#038;p=4822"},"modified":"2024-04-22T15:54:47","modified_gmt":"2024-04-22T07:54:47","slug":"oil-vinegar-salt-and-pepper-set","status":"publish","type":"product","link":"https:\/\/www.sinoglass.com\/de\/product\/oil-vinegar-salt-and-pepper-set\/","title":{"rendered":"\u00d6lessig Salz und Pfeffer Set #89372001"},"content":{"rendered":"<p>\u00d6lflaschen k\u00f6nnen auch elegant sein. Unser schlanker Glas ist mit einem rosenf\u00f6rmigen Deckel ausgestattet, der mit Edelstahl verziert ist, was ihn nicht nur praktisch macht, sondern auch eine tolle Dekoration f\u00fcr Ihre K\u00fcche.<\/p>","protected":false},"excerpt":{"rendered":"<ul>\n<li>Der tropffreie Schwerkraftauslauf \u00f6ffnet und schlie\u00dft sich automatisch.<\/li>\n<li>Easy-Carry-Rack h\u00e4lt zwei \u00d6lflaschen und zwei Gew\u00fcrzgl\u00e4ser.<\/li>\n<li>Rosenbl\u00e4tter inspirierte Deckel, einfache Drehbetriebe, um 3 \u00d6ffnungsgr\u00f6\u00dfen zu w\u00e4hlen.<\/li>\n<\/ul>","protected":false},"featured_media":4816,"comment_status":"open","ping_status":"closed","template":"","meta":{"_acf_changed":false},"product_brand":[],"product_cat":[69,106],"product_tag":[],"class_list":{"0":"post-4822","1":"product","2":"type-product","3":"status-publish","4":"has-post-thumbnail","6":"product_cat-oil-dispensers","7":"product_cat-salad-dressing-set","9":"first","10":"instock","11":"shipping-taxable","12":"purchasable","13":"product-type-variable"},"acf":[],"_links":{"self":[{"href":"https:\/\/www.sinoglass.com\/de\/wp-json\/wp\/v2\/product\/4822","targetHints":{"allow":["GET"]}}],"collection":[{"href":"https:\/\/www.sinoglass.com\/de\/wp-json\/wp\/v2\/product"}],"about":[{"href":"https:\/\/www.sinoglass.com\/de\/wp-json\/wp\/v2\/types\/product"}],"replies":[{"embeddable":true,"href":"https:\/\/www.sinoglass.com\/de\/wp-json\/wp\/v2\/comments?post=4822"}],"wp:featuredmedia":[{"embeddable":true,"href":"https:\/\/www.sinoglass.com\/de\/wp-json\/wp\/v2\/media\/4816"}],"wp:attachment":[{"href":"https:\/\/www.sinoglass.com\/de\/wp-json\/wp\/v2\/media?parent=4822"}],"wp:term":[{"taxonomy":"product_brand","embeddable":true,"href":"https:\/\/www.sinoglass.com\/de\/wp-json\/wp\/v2\/product_brand?post=4822"},{"taxonomy":"product_cat","embeddable":true,"href":"https:\/\/www.sinoglass.com\/de\/wp-json\/wp\/v2\/product_cat?post=4822"},{"taxonomy":"product_tag","embeddable":true,"href":"https:\/\/www.sinoglass.com\/de\/wp-json\/wp\/v2\/product_tag?post=4822"}],"curies":[{"name":"WP","href":"https:\/\/api.w.org\/{rel}","templated":true}]}}