{"id":4809,"date":"2024-04-22T14:33:48","date_gmt":"2024-04-22T06:33:48","guid":{"rendered":"https:\/\/www.sinoglass.com\/?post_type=product&#038;p=4809"},"modified":"2025-04-21T13:56:59","modified_gmt":"2025-04-21T05:56:59","slug":"bamboo-spice-organizer","status":"publish","type":"product","link":"https:\/\/www.sinoglass.com\/de\/product\/bamboo-spice-organizer\/","title":{"rendered":"Bambus Gew\u00fcrz Organizer #79409004"},"content":{"rendered":"<p>Umweltfreundlicher Bambus und Glas sind immer gefragt. Die zus\u00e4tzliche Effizienz eines Doppeldeckels f\u00fcr ein Streuen oder ein Gie\u00dfen macht NATURALIST SPICE zur perfekten Erg\u00e4nzung zu Ihrem Tisch. Das Bambusregel kann vier oder sechs Ihrer Lieblingsw\u00fcrze enthalten und kann sogar den NATURALIST O\/V f\u00fcr ein attraktives Set enthalten.<\/p>","protected":false},"excerpt":{"rendered":"<p>\u2022 Nat\u00fcrliches und umweltfreundliches Glas und Bambus.<br \/>\n\u2022 Bambusregel f\u00fcr Gew\u00fcrzgl\u00e4ser und O\/V-Set.<br \/>\n\u2022 Zwei verf\u00fcgbare Gr\u00f6\u00dfen.<\/p>","protected":false},"featured_media":4779,"comment_status":"open","ping_status":"closed","template":"","meta":{"_acf_changed":false},"product_brand":[],"product_cat":[218,70,213],"product_tag":[],"class_list":{"0":"post-4809","1":"product","2":"type-product","3":"status-publish","4":"has-post-thumbnail","6":"product_cat-eco-friendly","7":"product_cat-spice-racks","8":"product_cat-spice-rack-jars","10":"first","11":"instock","12":"shipping-taxable","13":"purchasable","14":"product-type-variable"},"acf":[],"_links":{"self":[{"href":"https:\/\/www.sinoglass.com\/de\/wp-json\/wp\/v2\/product\/4809","targetHints":{"allow":["GET"]}}],"collection":[{"href":"https:\/\/www.sinoglass.com\/de\/wp-json\/wp\/v2\/product"}],"about":[{"href":"https:\/\/www.sinoglass.com\/de\/wp-json\/wp\/v2\/types\/product"}],"replies":[{"embeddable":true,"href":"https:\/\/www.sinoglass.com\/de\/wp-json\/wp\/v2\/comments?post=4809"}],"wp:featuredmedia":[{"embeddable":true,"href":"https:\/\/www.sinoglass.com\/de\/wp-json\/wp\/v2\/media\/4779"}],"wp:attachment":[{"href":"https:\/\/www.sinoglass.com\/de\/wp-json\/wp\/v2\/media?parent=4809"}],"wp:term":[{"taxonomy":"product_brand","embeddable":true,"href":"https:\/\/www.sinoglass.com\/de\/wp-json\/wp\/v2\/product_brand?post=4809"},{"taxonomy":"product_cat","embeddable":true,"href":"https:\/\/www.sinoglass.com\/de\/wp-json\/wp\/v2\/product_cat?post=4809"},{"taxonomy":"product_tag","embeddable":true,"href":"https:\/\/www.sinoglass.com\/de\/wp-json\/wp\/v2\/product_tag?post=4809"}],"curies":[{"name":"WP","href":"https:\/\/api.w.org\/{rel}","templated":true}]}}