{"id":4757,"date":"2024-04-22T10:15:41","date_gmt":"2024-04-22T02:15:41","guid":{"rendered":"https:\/\/www.sinoglass.com\/?post_type=product&#038;p=4757"},"modified":"2025-04-21T13:56:25","modified_gmt":"2025-04-21T05:56:25","slug":"salt-pepper-oil-vinegar-set","status":"publish","type":"product","link":"https:\/\/www.sinoglass.com\/de\/product\/salt-pepper-oil-vinegar-set\/","title":{"rendered":"Salz\/Pfeffer &#038; \u00d6l\/Essig Set #79389002"},"content":{"rendered":"<p>Qualit\u00e4t und Stil k\u00f6nnen mit recycelbaren, nat\u00fcrlichen Materialien zum Ausdruck kommen. Langlebiges Glas, nat\u00fcrlicher Bambus, Edelstahl und eine einzige Silikondichtung sind alles, was wir f\u00fcr die neue NATURALIST Kollektion verwenden. Sogar der Grundhalter ist Bambus. Ein Stil, der \u00fcberall passt und Materialien, die umweltfreundlich sind, machen ein Produkt, das Ihre K\u00fcche stolz macht.<\/p>","protected":false},"excerpt":{"rendered":"<p>\u2022 Nat\u00fcrliches und nachhaltiges Glas und Bambus.<br \/>\n\u2022 Auto-\u00f6ffnender Edelstahlauslauf.<br \/>\n\u2022 Single Silikon Dichtung.<\/p>","protected":false},"featured_media":4708,"comment_status":"open","ping_status":"closed","template":"","meta":{"_acf_changed":false},"product_brand":[],"product_cat":[218,69,106],"product_tag":[],"class_list":{"0":"post-4757","1":"product","2":"type-product","3":"status-publish","4":"has-post-thumbnail","6":"product_cat-eco-friendly","7":"product_cat-oil-dispensers","8":"product_cat-salad-dressing-set","10":"first","11":"instock","12":"shipping-taxable","13":"purchasable","14":"product-type-variable"},"acf":[],"_links":{"self":[{"href":"https:\/\/www.sinoglass.com\/de\/wp-json\/wp\/v2\/product\/4757","targetHints":{"allow":["GET"]}}],"collection":[{"href":"https:\/\/www.sinoglass.com\/de\/wp-json\/wp\/v2\/product"}],"about":[{"href":"https:\/\/www.sinoglass.com\/de\/wp-json\/wp\/v2\/types\/product"}],"replies":[{"embeddable":true,"href":"https:\/\/www.sinoglass.com\/de\/wp-json\/wp\/v2\/comments?post=4757"}],"wp:featuredmedia":[{"embeddable":true,"href":"https:\/\/www.sinoglass.com\/de\/wp-json\/wp\/v2\/media\/4708"}],"wp:attachment":[{"href":"https:\/\/www.sinoglass.com\/de\/wp-json\/wp\/v2\/media?parent=4757"}],"wp:term":[{"taxonomy":"product_brand","embeddable":true,"href":"https:\/\/www.sinoglass.com\/de\/wp-json\/wp\/v2\/product_brand?post=4757"},{"taxonomy":"product_cat","embeddable":true,"href":"https:\/\/www.sinoglass.com\/de\/wp-json\/wp\/v2\/product_cat?post=4757"},{"taxonomy":"product_tag","embeddable":true,"href":"https:\/\/www.sinoglass.com\/de\/wp-json\/wp\/v2\/product_tag?post=4757"}],"curies":[{"name":"WP","href":"https:\/\/api.w.org\/{rel}","templated":true}]}}