{"id":4670,"date":"2024-04-11T17:28:35","date_gmt":"2024-04-11T09:28:35","guid":{"rendered":"https:\/\/www.sinoglass.com\/?post_type=product&#038;p=4670"},"modified":"2024-04-11T17:37:13","modified_gmt":"2024-04-11T09:37:13","slug":"salt-pepper-and-oil-vinegar-set","status":"publish","type":"product","link":"https:\/\/www.sinoglass.com\/de\/product\/salt-pepper-and-oil-vinegar-set\/","title":{"rendered":"Salz Pfeffer und \u00d6lessig Set #8986A004"},"content":{"rendered":"<p>Die TABLE MATE ist die bequeme M\u00f6glichkeit, alles zu tragen, was Sie brauchen, um einen Salat zu w\u00fcrzen \u2013 \u00d6l und Essig, Salz und Pfeffer. Die O\/V-Flaschen verf\u00fcgen \u00fcber unseren bew\u00e4hrten BOBO-Auslauf und -Abdeckung, erg\u00e4nzt durch einen Edelstahl-Gew\u00fcrzglas-Deckel mit drei \u00d6ffnungen.<\/p>","protected":false},"excerpt":{"rendered":"<ul>\n<li>Ein langlebiges Scharnier und Silikondichtung sorgen f\u00fcr jahrelange Zuverl\u00e4ssigkeit.<\/li>\n<li>Die runden Gl\u00e4ser mit einer konischen Form und einem nicht tropfenden Auslauf.<\/li>\n<li>Easy-Carry-Rack h\u00e4lt zwei \u00d6lflaschen und zwei Gew\u00fcrzgl\u00e4ser.<\/li>\n<li>Drehen Sie die transparente Oberfl\u00e4che, um aus 3 \u00d6ffnungen zu w\u00e4hlen.<\/li>\n<\/ul>","protected":false},"featured_media":4664,"comment_status":"open","ping_status":"closed","template":"","meta":{"_acf_changed":false},"product_brand":[],"product_cat":[69,106],"product_tag":[],"class_list":{"0":"post-4670","1":"product","2":"type-product","3":"status-publish","4":"has-post-thumbnail","6":"product_cat-oil-dispensers","7":"product_cat-salad-dressing-set","9":"first","10":"instock","11":"shipping-taxable","12":"purchasable","13":"product-type-variable"},"acf":[],"_links":{"self":[{"href":"https:\/\/www.sinoglass.com\/de\/wp-json\/wp\/v2\/product\/4670","targetHints":{"allow":["GET"]}}],"collection":[{"href":"https:\/\/www.sinoglass.com\/de\/wp-json\/wp\/v2\/product"}],"about":[{"href":"https:\/\/www.sinoglass.com\/de\/wp-json\/wp\/v2\/types\/product"}],"replies":[{"embeddable":true,"href":"https:\/\/www.sinoglass.com\/de\/wp-json\/wp\/v2\/comments?post=4670"}],"wp:featuredmedia":[{"embeddable":true,"href":"https:\/\/www.sinoglass.com\/de\/wp-json\/wp\/v2\/media\/4664"}],"wp:attachment":[{"href":"https:\/\/www.sinoglass.com\/de\/wp-json\/wp\/v2\/media?parent=4670"}],"wp:term":[{"taxonomy":"product_brand","embeddable":true,"href":"https:\/\/www.sinoglass.com\/de\/wp-json\/wp\/v2\/product_brand?post=4670"},{"taxonomy":"product_cat","embeddable":true,"href":"https:\/\/www.sinoglass.com\/de\/wp-json\/wp\/v2\/product_cat?post=4670"},{"taxonomy":"product_tag","embeddable":true,"href":"https:\/\/www.sinoglass.com\/de\/wp-json\/wp\/v2\/product_tag?post=4670"}],"curies":[{"name":"WP","href":"https:\/\/api.w.org\/{rel}","templated":true}]}}