{"id":4667,"date":"2024-04-11T17:19:55","date_gmt":"2024-04-11T09:19:55","guid":{"rendered":"https:\/\/www.sinoglass.com\/?post_type=product&#038;p=4667"},"modified":"2025-01-17T09:05:11","modified_gmt":"2025-01-17T01:05:11","slug":"glass-oil-dispenser-with-stand","status":"publish","type":"product","link":"https:\/\/www.sinoglass.com\/de\/product\/glass-oil-dispenser-with-stand\/","title":{"rendered":"Glas\u00f6lspender mit St\u00e4nder #8986A003"},"content":{"rendered":"<p>Die TABLE MATE ist die bequeme M\u00f6glichkeit, alles zu tragen, was Sie brauchen, um einen Salat zu w\u00fcrzen \u2013 \u00d6l und Essig, Salz und Pfeffer. Die O\/V-Flaschen verf\u00fcgen \u00fcber unseren bew\u00e4hrten BOBO-Auslauf und -Abdeckung, erg\u00e4nzt durch einen Edelstahl-Gew\u00fcrzglas-Deckel mit drei \u00d6ffnungen.<\/p>","protected":false},"excerpt":{"rendered":"<ul>\n<li>Bequemes Rack f\u00fcr O\/V, Salz und Pfeffer.<\/li>\n<li>Bew\u00e4hrter BOBO O\/V Deckel.<\/li>\n<li>3-Wahl-Deckel f\u00fcr Gew\u00fcrzgl\u00e4ser.<\/li>\n<\/ul>","protected":false},"featured_media":4665,"comment_status":"open","ping_status":"closed","template":"","meta":{"_acf_changed":false},"product_brand":[],"product_cat":[69,250],"product_tag":[],"class_list":{"0":"post-4667","1":"product","2":"type-product","3":"status-publish","4":"has-post-thumbnail","6":"product_cat-oil-dispensers","7":"product_cat-oil-vinegar-dispenser","9":"first","10":"instock","11":"shipping-taxable","12":"purchasable","13":"product-type-variable"},"acf":[],"_links":{"self":[{"href":"https:\/\/www.sinoglass.com\/de\/wp-json\/wp\/v2\/product\/4667","targetHints":{"allow":["GET"]}}],"collection":[{"href":"https:\/\/www.sinoglass.com\/de\/wp-json\/wp\/v2\/product"}],"about":[{"href":"https:\/\/www.sinoglass.com\/de\/wp-json\/wp\/v2\/types\/product"}],"replies":[{"embeddable":true,"href":"https:\/\/www.sinoglass.com\/de\/wp-json\/wp\/v2\/comments?post=4667"}],"wp:featuredmedia":[{"embeddable":true,"href":"https:\/\/www.sinoglass.com\/de\/wp-json\/wp\/v2\/media\/4665"}],"wp:attachment":[{"href":"https:\/\/www.sinoglass.com\/de\/wp-json\/wp\/v2\/media?parent=4667"}],"wp:term":[{"taxonomy":"product_brand","embeddable":true,"href":"https:\/\/www.sinoglass.com\/de\/wp-json\/wp\/v2\/product_brand?post=4667"},{"taxonomy":"product_cat","embeddable":true,"href":"https:\/\/www.sinoglass.com\/de\/wp-json\/wp\/v2\/product_cat?post=4667"},{"taxonomy":"product_tag","embeddable":true,"href":"https:\/\/www.sinoglass.com\/de\/wp-json\/wp\/v2\/product_tag?post=4667"}],"curies":[{"name":"WP","href":"https:\/\/api.w.org\/{rel}","templated":true}]}}