{"id":4653,"date":"2024-04-11T16:39:40","date_gmt":"2024-04-11T08:39:40","guid":{"rendered":"https:\/\/www.sinoglass.com\/?post_type=product&#038;p=4653"},"modified":"2024-04-11T16:58:29","modified_gmt":"2024-04-11T08:58:29","slug":"olive-oil-brush-dispenser","status":"publish","type":"product","link":"https:\/\/www.sinoglass.com\/de\/product\/olive-oil-brush-dispenser\/","title":{"rendered":"Oliven\u00f6l Pinsel Spender #82984012"},"content":{"rendered":"<p>Zu viel oder nicht genug? Mit dem MERIDIAN ist die Menge an \u00d6l und Essig immer genau richtig, weil Sie den Durchfluss mit einem sanften Druck der Silikonbirne steuern. Die \u00d6lflasche enth\u00e4lt auch eine Silikonb\u00fcrste, um die richtige Menge an Gem\u00fcse oder Fleisch zu b\u00fcrsten. F\u00fcr Ihren Salat wird Ihnen eine sanfte Presse genau den Essig geben, den Sie wollen. Das hochwertige Borosilikatglas ist stark und leicht mit einer breiten Basis f\u00fcr Stabilit\u00e4t.<\/p>","protected":false},"excerpt":{"rendered":"<ul>\n<li>Kontrollierte Abgabe mit einer Silikonbirne.<\/li>\n<li>Qualit\u00e4tsborosilikatglas.<\/li>\n<li>Breite Basis f\u00fcr Stabilit\u00e4t.<\/li>\n<\/ul>","protected":false},"featured_media":4655,"comment_status":"open","ping_status":"closed","template":"","meta":{"_acf_changed":false},"product_brand":[],"product_cat":[69],"product_tag":[],"class_list":{"0":"post-4653","1":"product","2":"type-product","3":"status-publish","4":"has-post-thumbnail","6":"product_cat-oil-dispensers","8":"first","9":"instock","10":"shipping-taxable","11":"purchasable","12":"product-type-variable"},"acf":[],"_links":{"self":[{"href":"https:\/\/www.sinoglass.com\/de\/wp-json\/wp\/v2\/product\/4653","targetHints":{"allow":["GET"]}}],"collection":[{"href":"https:\/\/www.sinoglass.com\/de\/wp-json\/wp\/v2\/product"}],"about":[{"href":"https:\/\/www.sinoglass.com\/de\/wp-json\/wp\/v2\/types\/product"}],"replies":[{"embeddable":true,"href":"https:\/\/www.sinoglass.com\/de\/wp-json\/wp\/v2\/comments?post=4653"}],"wp:featuredmedia":[{"embeddable":true,"href":"https:\/\/www.sinoglass.com\/de\/wp-json\/wp\/v2\/media\/4655"}],"wp:attachment":[{"href":"https:\/\/www.sinoglass.com\/de\/wp-json\/wp\/v2\/media?parent=4653"}],"wp:term":[{"taxonomy":"product_brand","embeddable":true,"href":"https:\/\/www.sinoglass.com\/de\/wp-json\/wp\/v2\/product_brand?post=4653"},{"taxonomy":"product_cat","embeddable":true,"href":"https:\/\/www.sinoglass.com\/de\/wp-json\/wp\/v2\/product_cat?post=4653"},{"taxonomy":"product_tag","embeddable":true,"href":"https:\/\/www.sinoglass.com\/de\/wp-json\/wp\/v2\/product_tag?post=4653"}],"curies":[{"name":"WP","href":"https:\/\/api.w.org\/{rel}","templated":true}]}}