{"id":4491,"date":"2024-04-08T17:15:01","date_gmt":"2024-04-08T09:15:01","guid":{"rendered":"https:\/\/www.sinoglass.com\/?post_type=product&#038;p=4491"},"modified":"2024-04-08T17:35:47","modified_gmt":"2024-04-08T09:35:47","slug":"stainless-steel-spice-box","status":"publish","type":"product","link":"https:\/\/www.sinoglass.com\/de\/product\/stainless-steel-spice-box\/","title":{"rendered":"Edelstahl Spice Box #8516000"},"content":{"rendered":"<p>Wir hoffen immer, dass sich die Gew\u00fcrzgl\u00e4ser an einem bequemen Ort befinden, wie zum Beispiel dem K\u00fchlschrank oder der Reihenhaube. Unsere runden Gew\u00fcrzgl\u00e4ser aus Edelstahl sind mit Magnetst\u00fccken am Boden ausgestattet, die f\u00fcr einfachen Zugang an verschiedenen Metalloberfl\u00e4chen in der K\u00fcche befestigt werden k\u00f6nnen<\/p>","protected":false},"excerpt":{"rendered":"<ul>\n<li>Hygienischer Edelstahl.<\/li>\n<li>3 \u00d6ffnungsm\u00f6glichkeiten.<\/li>\n<li>Platzsparende Gew\u00fcrzgestalle.<\/li>\n<li>Clear-Vision-Fenster zum Anzeigen von Inhalten.<\/li>\n<\/ul>","protected":false},"featured_media":4493,"comment_status":"open","ping_status":"closed","template":"","meta":{"_acf_changed":false},"product_brand":[],"product_cat":[109,70,213],"product_tag":[],"class_list":{"0":"post-4491","1":"product","2":"type-product","3":"status-publish","4":"has-post-thumbnail","6":"product_cat-magnetic-spice-jars","7":"product_cat-spice-racks","8":"product_cat-spice-rack-jars","10":"first","11":"instock","12":"shipping-taxable","13":"purchasable","14":"product-type-variable"},"acf":[],"_links":{"self":[{"href":"https:\/\/www.sinoglass.com\/de\/wp-json\/wp\/v2\/product\/4491","targetHints":{"allow":["GET"]}}],"collection":[{"href":"https:\/\/www.sinoglass.com\/de\/wp-json\/wp\/v2\/product"}],"about":[{"href":"https:\/\/www.sinoglass.com\/de\/wp-json\/wp\/v2\/types\/product"}],"replies":[{"embeddable":true,"href":"https:\/\/www.sinoglass.com\/de\/wp-json\/wp\/v2\/comments?post=4491"}],"wp:featuredmedia":[{"embeddable":true,"href":"https:\/\/www.sinoglass.com\/de\/wp-json\/wp\/v2\/media\/4493"}],"wp:attachment":[{"href":"https:\/\/www.sinoglass.com\/de\/wp-json\/wp\/v2\/media?parent=4491"}],"wp:term":[{"taxonomy":"product_brand","embeddable":true,"href":"https:\/\/www.sinoglass.com\/de\/wp-json\/wp\/v2\/product_brand?post=4491"},{"taxonomy":"product_cat","embeddable":true,"href":"https:\/\/www.sinoglass.com\/de\/wp-json\/wp\/v2\/product_cat?post=4491"},{"taxonomy":"product_tag","embeddable":true,"href":"https:\/\/www.sinoglass.com\/de\/wp-json\/wp\/v2\/product_tag?post=4491"}],"curies":[{"name":"WP","href":"https:\/\/api.w.org\/{rel}","templated":true}]}}