{"id":4484,"date":"2024-04-08T17:02:14","date_gmt":"2024-04-08T09:02:14","guid":{"rendered":"https:\/\/www.sinoglass.com\/?post_type=product&#038;p=4484"},"modified":"2024-04-08T17:06:13","modified_gmt":"2024-04-08T09:06:13","slug":"stainless-steel-spice-rack","status":"publish","type":"product","link":"https:\/\/www.sinoglass.com\/de\/product\/stainless-steel-spice-rack\/","title":{"rendered":"Edelstahl Spice Rack #78922001"},"content":{"rendered":"<p>Nichts ist einfacher als die Edelstahlplatte f\u00fcr genau die richtige Menge an Gew\u00fcrzen zu drehen. Das quadratische Glas h\u00e4lt viel in einem kompakten Raum, so dass Sie mehrere Flaschen f\u00fcr Ihre Lieblingsgew\u00fcrze bekommen k\u00f6nnen.<\/p>","protected":false},"excerpt":{"rendered":"<ul>\n<li>Drehen Sie die Edelstahloberfl\u00e4che, um die \u00d6ffnung zu w\u00e4hlen.<\/li>\n<li>Der quadratische Glas h\u00e4lt viel in einem kompakten Raum.<\/li>\n<li>Ein robustes Metallhalter h\u00e4lt bis zu vier Gl\u00e4ser.<\/li>\n<\/ul>","protected":false},"featured_media":4486,"comment_status":"open","ping_status":"closed","template":"","meta":{"_acf_changed":false},"product_brand":[],"product_cat":[70,213],"product_tag":[],"class_list":{"0":"post-4484","1":"product","2":"type-product","3":"status-publish","4":"has-post-thumbnail","6":"product_cat-spice-racks","7":"product_cat-spice-rack-jars","9":"first","10":"instock","11":"shipping-taxable","12":"purchasable","13":"product-type-variable"},"acf":[],"_links":{"self":[{"href":"https:\/\/www.sinoglass.com\/de\/wp-json\/wp\/v2\/product\/4484","targetHints":{"allow":["GET"]}}],"collection":[{"href":"https:\/\/www.sinoglass.com\/de\/wp-json\/wp\/v2\/product"}],"about":[{"href":"https:\/\/www.sinoglass.com\/de\/wp-json\/wp\/v2\/types\/product"}],"replies":[{"embeddable":true,"href":"https:\/\/www.sinoglass.com\/de\/wp-json\/wp\/v2\/comments?post=4484"}],"wp:featuredmedia":[{"embeddable":true,"href":"https:\/\/www.sinoglass.com\/de\/wp-json\/wp\/v2\/media\/4486"}],"wp:attachment":[{"href":"https:\/\/www.sinoglass.com\/de\/wp-json\/wp\/v2\/media?parent=4484"}],"wp:term":[{"taxonomy":"product_brand","embeddable":true,"href":"https:\/\/www.sinoglass.com\/de\/wp-json\/wp\/v2\/product_brand?post=4484"},{"taxonomy":"product_cat","embeddable":true,"href":"https:\/\/www.sinoglass.com\/de\/wp-json\/wp\/v2\/product_cat?post=4484"},{"taxonomy":"product_tag","embeddable":true,"href":"https:\/\/www.sinoglass.com\/de\/wp-json\/wp\/v2\/product_tag?post=4484"}],"curies":[{"name":"WP","href":"https:\/\/api.w.org\/{rel}","templated":true}]}}