{"id":4464,"date":"2024-04-08T16:16:31","date_gmt":"2024-04-08T08:16:31","guid":{"rendered":"https:\/\/www.sinoglass.com\/?post_type=product&#038;p=4464"},"modified":"2024-04-08T16:19:37","modified_gmt":"2024-04-08T08:19:37","slug":"tiered-spice-rack","status":"publish","type":"product","link":"https:\/\/www.sinoglass.com\/de\/product\/tiered-spice-rack\/","title":{"rendered":"Geschnittenes Gew\u00fcrzgestell #7885A001"},"content":{"rendered":"<p>Unsere beliebten LIBERTY Gew\u00fcrzgl\u00e4ser haben einen neuen und einfachen S\/S-Deckel. Drehen Sie die Oberseite, um eine \u00d6ffnung zu w\u00e4hlen. Das praktische Tragregal beh\u00e4lt 6 Flaschen, wo immer Sie sie brauchen.<\/p>","protected":false},"excerpt":{"rendered":"<ul>\n<li>Ergonomisch geformtes Glas f\u00fcr einen praktischen Griff.<\/li>\n<li>Edelstahldeckel hat Ihre Wahl aus zwei \u00d6ffnungen.<\/li>\n<li>Ein robustes Tragregal h\u00e4lt 6 oder 12 Flaschen.<\/li>\n<\/ul>","protected":false},"featured_media":3611,"comment_status":"open","ping_status":"closed","template":"","meta":{"_acf_changed":false},"product_brand":[],"product_cat":[70,213],"product_tag":[],"class_list":{"0":"post-4464","1":"product","2":"type-product","3":"status-publish","4":"has-post-thumbnail","6":"product_cat-spice-racks","7":"product_cat-spice-rack-jars","9":"first","10":"instock","11":"shipping-taxable","12":"purchasable","13":"product-type-variable"},"acf":[],"_links":{"self":[{"href":"https:\/\/www.sinoglass.com\/de\/wp-json\/wp\/v2\/product\/4464","targetHints":{"allow":["GET"]}}],"collection":[{"href":"https:\/\/www.sinoglass.com\/de\/wp-json\/wp\/v2\/product"}],"about":[{"href":"https:\/\/www.sinoglass.com\/de\/wp-json\/wp\/v2\/types\/product"}],"replies":[{"embeddable":true,"href":"https:\/\/www.sinoglass.com\/de\/wp-json\/wp\/v2\/comments?post=4464"}],"wp:featuredmedia":[{"embeddable":true,"href":"https:\/\/www.sinoglass.com\/de\/wp-json\/wp\/v2\/media\/3611"}],"wp:attachment":[{"href":"https:\/\/www.sinoglass.com\/de\/wp-json\/wp\/v2\/media?parent=4464"}],"wp:term":[{"taxonomy":"product_brand","embeddable":true,"href":"https:\/\/www.sinoglass.com\/de\/wp-json\/wp\/v2\/product_brand?post=4464"},{"taxonomy":"product_cat","embeddable":true,"href":"https:\/\/www.sinoglass.com\/de\/wp-json\/wp\/v2\/product_cat?post=4464"},{"taxonomy":"product_tag","embeddable":true,"href":"https:\/\/www.sinoglass.com\/de\/wp-json\/wp\/v2\/product_tag?post=4464"}],"curies":[{"name":"WP","href":"https:\/\/api.w.org\/{rel}","templated":true}]}}