{"id":4455,"date":"2024-04-08T16:02:59","date_gmt":"2024-04-08T08:02:59","guid":{"rendered":"https:\/\/www.sinoglass.com\/?post_type=product&#038;p=4455"},"modified":"2024-04-08T16:10:19","modified_gmt":"2024-04-08T08:10:19","slug":"spice-rack-spices-included","status":"publish","type":"product","link":"https:\/\/www.sinoglass.com\/de\/product\/spice-rack-spices-included\/","title":{"rendered":"Spice Rack mit Gew\u00fcrzen enthalten #78812000"},"content":{"rendered":"<p>Legen Sie Ihre 16 am h\u00e4ufigsten verwendeten Gew\u00fcrze und Gew\u00fcrze in die Gew\u00fcrzgl\u00e4ser der richtigen Wahl und halten Sie sie zusammen im Regal The Big Carry. Die Deckel von THE RIGHT CHOICE Gl\u00e4sern sind auf zwei Weise einzigartig: Sie springen offen und bleiben offen, und Sie k\u00f6nnen den mittleren Teil entfernen, um gr\u00f6\u00dfere Gew\u00fcrze zu gie\u00dfen. Das Big Carry Rack hat ein Riser-Design, mit dem Sie alle Gew\u00fcrze auf einen Blick sehen k\u00f6nnen.<\/p>","protected":false},"excerpt":{"rendered":"<ul>\n<li>Halten Sie 16 Gew\u00fcrze in einem Rack.<\/li>\n<li>Einfach tragbare Griffe f\u00fcr Tragbarkeit.<\/li>\n<li>Riser-Design f\u00fcr bequeme Sichtbarkeit.<\/li>\n<li>Einzigartiges Deckeldesign f\u00fcr gro\u00dfe oder kleine Gew\u00fcrze.<\/li>\n<\/ul>","protected":false},"featured_media":3604,"comment_status":"open","ping_status":"closed","template":"","meta":{"_acf_changed":false},"product_brand":[],"product_cat":[70,213],"product_tag":[],"class_list":{"0":"post-4455","1":"product","2":"type-product","3":"status-publish","4":"has-post-thumbnail","6":"product_cat-spice-racks","7":"product_cat-spice-rack-jars","9":"first","10":"instock","11":"shipping-taxable","12":"purchasable","13":"product-type-variable"},"acf":[],"_links":{"self":[{"href":"https:\/\/www.sinoglass.com\/de\/wp-json\/wp\/v2\/product\/4455","targetHints":{"allow":["GET"]}}],"collection":[{"href":"https:\/\/www.sinoglass.com\/de\/wp-json\/wp\/v2\/product"}],"about":[{"href":"https:\/\/www.sinoglass.com\/de\/wp-json\/wp\/v2\/types\/product"}],"replies":[{"embeddable":true,"href":"https:\/\/www.sinoglass.com\/de\/wp-json\/wp\/v2\/comments?post=4455"}],"wp:featuredmedia":[{"embeddable":true,"href":"https:\/\/www.sinoglass.com\/de\/wp-json\/wp\/v2\/media\/3604"}],"wp:attachment":[{"href":"https:\/\/www.sinoglass.com\/de\/wp-json\/wp\/v2\/media?parent=4455"}],"wp:term":[{"taxonomy":"product_brand","embeddable":true,"href":"https:\/\/www.sinoglass.com\/de\/wp-json\/wp\/v2\/product_brand?post=4455"},{"taxonomy":"product_cat","embeddable":true,"href":"https:\/\/www.sinoglass.com\/de\/wp-json\/wp\/v2\/product_cat?post=4455"},{"taxonomy":"product_tag","embeddable":true,"href":"https:\/\/www.sinoglass.com\/de\/wp-json\/wp\/v2\/product_tag?post=4455"}],"curies":[{"name":"WP","href":"https:\/\/api.w.org\/{rel}","templated":true}]}}