{"id":4451,"date":"2024-04-08T15:58:12","date_gmt":"2024-04-08T07:58:12","guid":{"rendered":"https:\/\/www.sinoglass.com\/?post_type=product&#038;p=4451"},"modified":"2024-04-08T16:02:19","modified_gmt":"2024-04-08T08:02:19","slug":"spice-organiser-rack","status":"publish","type":"product","link":"https:\/\/www.sinoglass.com\/de\/product\/spice-organiser-rack\/","title":{"rendered":"Gew\u00fcrz Organisator Rack #79232003"},"content":{"rendered":"<p>Dieses spezielle und lustige Gew\u00fcrzglas kommt in einem Set von 6,12 oder 16 mit einem speziellen Rack. Die konische Form ist ein beliebter und eleganter Stil. Im Regal k\u00f6nnen Sie durch den Vergr\u00f6\u00dferungsdeckel schauen, um die Gew\u00fcrze zu sehen. Drehen Sie den Deckel, um aus drei \u00d6ffnungsgr\u00f6\u00dfen zu w\u00e4hlen.<\/p>","protected":false},"excerpt":{"rendered":"<ul>\n<li>Spezieller Vergr\u00f6\u00dferungsdeckel f\u00fcr bequeme Betrachtung.<\/li>\n<li>Drehen Sie die transparente Oberfl\u00e4che, um aus drei \u00d6ffnungen zu w\u00e4hlen.<\/li>\n<li>Stilvolle konische Glasflaschen.<\/li>\n<li>Gew\u00fcrzerhalter f\u00fcr bequeme Lagerung und Anzeige.<\/li>\n<\/ul>","protected":false},"featured_media":4454,"comment_status":"open","ping_status":"closed","template":"","meta":{"_acf_changed":false},"product_brand":[],"product_cat":[70,213],"product_tag":[],"class_list":{"0":"post-4451","1":"product","2":"type-product","3":"status-publish","4":"has-post-thumbnail","6":"product_cat-spice-racks","7":"product_cat-spice-rack-jars","9":"first","10":"instock","11":"shipping-taxable","12":"purchasable","13":"product-type-variable"},"acf":[],"_links":{"self":[{"href":"https:\/\/www.sinoglass.com\/de\/wp-json\/wp\/v2\/product\/4451","targetHints":{"allow":["GET"]}}],"collection":[{"href":"https:\/\/www.sinoglass.com\/de\/wp-json\/wp\/v2\/product"}],"about":[{"href":"https:\/\/www.sinoglass.com\/de\/wp-json\/wp\/v2\/types\/product"}],"replies":[{"embeddable":true,"href":"https:\/\/www.sinoglass.com\/de\/wp-json\/wp\/v2\/comments?post=4451"}],"wp:featuredmedia":[{"embeddable":true,"href":"https:\/\/www.sinoglass.com\/de\/wp-json\/wp\/v2\/media\/4454"}],"wp:attachment":[{"href":"https:\/\/www.sinoglass.com\/de\/wp-json\/wp\/v2\/media?parent=4451"}],"wp:term":[{"taxonomy":"product_brand","embeddable":true,"href":"https:\/\/www.sinoglass.com\/de\/wp-json\/wp\/v2\/product_brand?post=4451"},{"taxonomy":"product_cat","embeddable":true,"href":"https:\/\/www.sinoglass.com\/de\/wp-json\/wp\/v2\/product_cat?post=4451"},{"taxonomy":"product_tag","embeddable":true,"href":"https:\/\/www.sinoglass.com\/de\/wp-json\/wp\/v2\/product_tag?post=4451"}],"curies":[{"name":"WP","href":"https:\/\/api.w.org\/{rel}","templated":true}]}}