{"id":4445,"date":"2024-04-08T15:42:53","date_gmt":"2024-04-08T07:42:53","guid":{"rendered":"https:\/\/www.sinoglass.com\/?post_type=product&#038;p=4445"},"modified":"2024-04-08T15:49:28","modified_gmt":"2024-04-08T07:49:28","slug":"cabinet-racks-for-spices","status":"publish","type":"product","link":"https:\/\/www.sinoglass.com\/de\/product\/cabinet-racks-for-spices\/","title":{"rendered":"Schrankregale f\u00fcr Gew\u00fcrze #78802004"},"content":{"rendered":"<p>Die Kombination einer gekr\u00fcmmten Flasche mit einem lustigen flexiblen Top verleiht dem FLEX ein l\u00e4ssiges Gef\u00fchl. Eine Seite gie\u00dft, die andere Seite streut. Was k\u00f6nnte einfacher sein?<\/p>","protected":false},"excerpt":{"rendered":"<ul>\n<li>Kr\u00fcmme und komfortable Form.<\/li>\n<li>Eine-Flick-Wahl f\u00fcr ein Streuen oder ein Gie\u00dfen.<\/li>\n<li>Wahl von 6-jar oder 12-jar drehbarem Rack und 16-jar robustes Rack.<\/li>\n<\/ul>","protected":false},"featured_media":3570,"comment_status":"open","ping_status":"closed","template":"","meta":{"_acf_changed":false},"product_brand":[],"product_cat":[70,213],"product_tag":[],"class_list":{"0":"post-4445","1":"product","2":"type-product","3":"status-publish","4":"has-post-thumbnail","6":"product_cat-spice-racks","7":"product_cat-spice-rack-jars","9":"first","10":"instock","11":"shipping-taxable","12":"purchasable","13":"product-type-variable"},"acf":[],"_links":{"self":[{"href":"https:\/\/www.sinoglass.com\/de\/wp-json\/wp\/v2\/product\/4445","targetHints":{"allow":["GET"]}}],"collection":[{"href":"https:\/\/www.sinoglass.com\/de\/wp-json\/wp\/v2\/product"}],"about":[{"href":"https:\/\/www.sinoglass.com\/de\/wp-json\/wp\/v2\/types\/product"}],"replies":[{"embeddable":true,"href":"https:\/\/www.sinoglass.com\/de\/wp-json\/wp\/v2\/comments?post=4445"}],"wp:featuredmedia":[{"embeddable":true,"href":"https:\/\/www.sinoglass.com\/de\/wp-json\/wp\/v2\/media\/3570"}],"wp:attachment":[{"href":"https:\/\/www.sinoglass.com\/de\/wp-json\/wp\/v2\/media?parent=4445"}],"wp:term":[{"taxonomy":"product_brand","embeddable":true,"href":"https:\/\/www.sinoglass.com\/de\/wp-json\/wp\/v2\/product_brand?post=4445"},{"taxonomy":"product_cat","embeddable":true,"href":"https:\/\/www.sinoglass.com\/de\/wp-json\/wp\/v2\/product_cat?post=4445"},{"taxonomy":"product_tag","embeddable":true,"href":"https:\/\/www.sinoglass.com\/de\/wp-json\/wp\/v2\/product_tag?post=4445"}],"curies":[{"name":"WP","href":"https:\/\/api.w.org\/{rel}","templated":true}]}}