{"id":4425,"date":"2024-04-08T14:50:04","date_gmt":"2024-04-08T06:50:04","guid":{"rendered":"https:\/\/www.sinoglass.com\/?post_type=product&#038;p=4425"},"modified":"2024-11-22T16:39:30","modified_gmt":"2024-11-22T08:39:30","slug":"spice-jar-set-with-lid","status":"publish","type":"product","link":"https:\/\/www.sinoglass.com\/de\/product\/spice-jar-set-with-lid\/","title":{"rendered":"Gew\u00fcrzglas Set mit Deckel #79342001"},"content":{"rendered":"<p>Einige streuen Sie, andere gie\u00dfen Sie. 2-TAB ist ein quadratisches Gew\u00fcrzglar, das Ihnen die Wahl gibt. \u00d6ffnen Sie die Seite, die Sie brauchen, und es wird offen bleiben, bis Sie&#8217; wieder fertig. Attraktives Schwarz und Silber wird jedes Dekor erg\u00e4nzen. W\u00e4hlen Sie ein Rack f\u00fcr 2, 4, 8 oder 12 und bewahren Sie alles, was Sie brauchen, an einem praktischen Ort.<\/p>","protected":false},"excerpt":{"rendered":"<ul>\n<li>Klassische quadratische Form.<\/li>\n<li>Eine Seite gie\u00dft, die andere Seite streut.<\/li>\n<li>4 Rack-Kombinationen.<\/li>\n<\/ul>","protected":false},"featured_media":4428,"comment_status":"open","ping_status":"closed","template":"","meta":{"_acf_changed":false},"product_brand":[],"product_cat":[108,70,213],"product_tag":[],"class_list":{"0":"post-4425","1":"product","2":"type-product","3":"status-publish","4":"has-post-thumbnail","6":"product_cat-spice-jars","7":"product_cat-spice-racks","8":"product_cat-spice-rack-jars","10":"first","11":"instock","12":"shipping-taxable","13":"purchasable","14":"product-type-variable"},"acf":[],"_links":{"self":[{"href":"https:\/\/www.sinoglass.com\/de\/wp-json\/wp\/v2\/product\/4425","targetHints":{"allow":["GET"]}}],"collection":[{"href":"https:\/\/www.sinoglass.com\/de\/wp-json\/wp\/v2\/product"}],"about":[{"href":"https:\/\/www.sinoglass.com\/de\/wp-json\/wp\/v2\/types\/product"}],"replies":[{"embeddable":true,"href":"https:\/\/www.sinoglass.com\/de\/wp-json\/wp\/v2\/comments?post=4425"}],"wp:featuredmedia":[{"embeddable":true,"href":"https:\/\/www.sinoglass.com\/de\/wp-json\/wp\/v2\/media\/4428"}],"wp:attachment":[{"href":"https:\/\/www.sinoglass.com\/de\/wp-json\/wp\/v2\/media?parent=4425"}],"wp:term":[{"taxonomy":"product_brand","embeddable":true,"href":"https:\/\/www.sinoglass.com\/de\/wp-json\/wp\/v2\/product_brand?post=4425"},{"taxonomy":"product_cat","embeddable":true,"href":"https:\/\/www.sinoglass.com\/de\/wp-json\/wp\/v2\/product_cat?post=4425"},{"taxonomy":"product_tag","embeddable":true,"href":"https:\/\/www.sinoglass.com\/de\/wp-json\/wp\/v2\/product_tag?post=4425"}],"curies":[{"name":"WP","href":"https:\/\/api.w.org\/{rel}","templated":true}]}}