{"id":4112,"date":"2024-04-02T16:09:05","date_gmt":"2024-04-02T08:09:05","guid":{"rendered":"https:\/\/www.sinoglass.com\/?post_type=product&#038;p=4112"},"modified":"2024-04-17T17:39:58","modified_gmt":"2024-04-17T09:39:58","slug":"airtight-spice-jars","status":"publish","type":"product","link":"https:\/\/www.sinoglass.com\/de\/product\/airtight-spice-jars\/","title":{"rendered":"Luftdichte Gew\u00fcrzgl\u00e4ser mit L\u00f6ffel #79371002"},"content":{"rendered":"<p>Die FLIP LID ist gro\u00df und feuchtigkeitsdicht. Weil das weiche Silikon eine volle 360 \u00b0, es&#8217; Sie m\u00fcssen sich keine Sorgen \u00fcber Feuchtigkeit oder Geschmacksverlust machen. Dr\u00fccken Sie den Knopf, der Deckel wird um 260\u00b0 vollst\u00e4ndig ge\u00f6ffnet, um den ungehinderten Zugang zu Zutaten und eine bequeme Nachf\u00fcllung zu erm\u00f6glichen.<\/p>","protected":false},"excerpt":{"rendered":"<ul>\n<li>Einhandbedienung, ein-Knopf-Flipdeckel, einfach und schnell.<\/li>\n<li>Bequemer und ergonomischer Griff360\u00b0 Silikon versiegelt Feuchtigkeit.<\/li>\n<li>Selbstverschlie\u00dfender Deckel, narchensicheres Design, Doppeldichtung<\/li>\n<li>2g Kapazit\u00e4tsl\u00f6ffel, Lebensmittelmaterial, sicher f\u00fcr Gew\u00fcrze; Design f\u00fcr einfaches F\u00fcllen, kein Oberdeckel.<\/li>\n<\/ul>","protected":false},"featured_media":4114,"comment_status":"open","ping_status":"closed","template":"","meta":{"_acf_changed":false},"product_brand":[],"product_cat":[108,70,111],"product_tag":[],"class_list":{"0":"post-4112","1":"product","2":"type-product","3":"status-publish","4":"has-post-thumbnail","6":"product_cat-spice-jars","7":"product_cat-spice-racks","8":"product_cat-sugar-jars","10":"first","11":"instock","12":"shipping-taxable","13":"purchasable","14":"product-type-variable"},"acf":[],"_links":{"self":[{"href":"https:\/\/www.sinoglass.com\/de\/wp-json\/wp\/v2\/product\/4112","targetHints":{"allow":["GET"]}}],"collection":[{"href":"https:\/\/www.sinoglass.com\/de\/wp-json\/wp\/v2\/product"}],"about":[{"href":"https:\/\/www.sinoglass.com\/de\/wp-json\/wp\/v2\/types\/product"}],"replies":[{"embeddable":true,"href":"https:\/\/www.sinoglass.com\/de\/wp-json\/wp\/v2\/comments?post=4112"}],"wp:featuredmedia":[{"embeddable":true,"href":"https:\/\/www.sinoglass.com\/de\/wp-json\/wp\/v2\/media\/4114"}],"wp:attachment":[{"href":"https:\/\/www.sinoglass.com\/de\/wp-json\/wp\/v2\/media?parent=4112"}],"wp:term":[{"taxonomy":"product_brand","embeddable":true,"href":"https:\/\/www.sinoglass.com\/de\/wp-json\/wp\/v2\/product_brand?post=4112"},{"taxonomy":"product_cat","embeddable":true,"href":"https:\/\/www.sinoglass.com\/de\/wp-json\/wp\/v2\/product_cat?post=4112"},{"taxonomy":"product_tag","embeddable":true,"href":"https:\/\/www.sinoglass.com\/de\/wp-json\/wp\/v2\/product_tag?post=4112"}],"curies":[{"name":"WP","href":"https:\/\/api.w.org\/{rel}","templated":true}]}}