{"id":4106,"date":"2024-04-02T15:48:59","date_gmt":"2024-04-02T07:48:59","guid":{"rendered":"https:\/\/www.sinoglass.com\/?post_type=product&#038;p=4106"},"modified":"2024-04-02T16:05:29","modified_gmt":"2024-04-02T08:05:29","slug":"glass-jar-for-spices","status":"publish","type":"product","link":"https:\/\/www.sinoglass.com\/de\/product\/glass-jar-for-spices\/","title":{"rendered":"Glasgl\u00e4ser f\u00fcr Gew\u00fcrze #85761001"},"content":{"rendered":"<pre>Es ist eine gute Idee, die Menge an Gew\u00fcrzen zu kontrollieren, indem Sie verschiedene \u00d6ffnungen ausw\u00e4hlen. Drehen Sie einfach die Oberseite des Deckels, um aus drei verschiedenen \u00d6ffnungsgr\u00f6\u00dfen zu w\u00e4hlen. Nat\u00fcrlich m\u00fcssen Sie zuerst die transparente staubdichte Abdeckung entfernen.<\/pre>","protected":false},"excerpt":{"rendered":"<ul>\n<li>Drehen Sie die transparente Oberfl\u00e4che, um aus drei \u00d6ffnungen zu w\u00e4hlen.<\/li>\n<li>Entfernen Sie die Oberseite f\u00fcr eine einfache Reinigung<\/li>\n<\/ul>","protected":false},"featured_media":4108,"comment_status":"open","ping_status":"closed","template":"","meta":{"_acf_changed":false},"product_brand":[],"product_cat":[108,70],"product_tag":[],"class_list":{"0":"post-4106","1":"product","2":"type-product","3":"status-publish","4":"has-post-thumbnail","6":"product_cat-spice-jars","7":"product_cat-spice-racks","9":"first","10":"instock","11":"shipping-taxable","12":"purchasable","13":"product-type-variable"},"acf":[],"_links":{"self":[{"href":"https:\/\/www.sinoglass.com\/de\/wp-json\/wp\/v2\/product\/4106","targetHints":{"allow":["GET"]}}],"collection":[{"href":"https:\/\/www.sinoglass.com\/de\/wp-json\/wp\/v2\/product"}],"about":[{"href":"https:\/\/www.sinoglass.com\/de\/wp-json\/wp\/v2\/types\/product"}],"replies":[{"embeddable":true,"href":"https:\/\/www.sinoglass.com\/de\/wp-json\/wp\/v2\/comments?post=4106"}],"wp:featuredmedia":[{"embeddable":true,"href":"https:\/\/www.sinoglass.com\/de\/wp-json\/wp\/v2\/media\/4108"}],"wp:attachment":[{"href":"https:\/\/www.sinoglass.com\/de\/wp-json\/wp\/v2\/media?parent=4106"}],"wp:term":[{"taxonomy":"product_brand","embeddable":true,"href":"https:\/\/www.sinoglass.com\/de\/wp-json\/wp\/v2\/product_brand?post=4106"},{"taxonomy":"product_cat","embeddable":true,"href":"https:\/\/www.sinoglass.com\/de\/wp-json\/wp\/v2\/product_cat?post=4106"},{"taxonomy":"product_tag","embeddable":true,"href":"https:\/\/www.sinoglass.com\/de\/wp-json\/wp\/v2\/product_tag?post=4106"}],"curies":[{"name":"WP","href":"https:\/\/api.w.org\/{rel}","templated":true}]}}