{"id":4093,"date":"2024-04-02T15:05:13","date_gmt":"2024-04-02T07:05:13","guid":{"rendered":"https:\/\/www.sinoglass.com\/?post_type=product&#038;p=4093"},"modified":"2024-04-02T15:24:17","modified_gmt":"2024-04-02T07:24:17","slug":"salt-shaker-with-lid","status":"publish","type":"product","link":"https:\/\/www.sinoglass.com\/de\/product\/salt-shaker-with-lid\/","title":{"rendered":"Salzsch\u00fctter mit Deckel #88502002"},"content":{"rendered":"<p>Dies ist ein Set speziell f\u00fcr feines Salz und Pfefferpulver entwickelt, mit Glasgl\u00e4sern gepaart mit Edelstahldeckeln. Das Set kommt auch mit einem tragbaren Schalen f\u00fcr den einfachen Trag, bereit, Ihre Kochbed\u00fcrfnisse jederzeit zu bedienen.<\/p>","protected":false},"excerpt":{"rendered":"<ul>\n<li>Zwei verschiedene Sch\u00fcttell\u00f6cher Deckel, eine f\u00fcr Salz, die andere f\u00fcr Pfeffer.<\/li>\n<li>Der robuste Edelstahldeckel ist stilvoll.<\/li>\n<li>2-Glas-Set f\u00fcr Ihr Kochen.<\/li>\n<\/ul>","protected":false},"featured_media":4095,"comment_status":"open","ping_status":"closed","template":"","meta":{"_acf_changed":false},"product_brand":[],"product_cat":[108,70],"product_tag":[],"class_list":{"0":"post-4093","1":"product","2":"type-product","3":"status-publish","4":"has-post-thumbnail","6":"product_cat-spice-jars","7":"product_cat-spice-racks","9":"first","10":"instock","11":"shipping-taxable","12":"purchasable","13":"product-type-variable"},"acf":[],"_links":{"self":[{"href":"https:\/\/www.sinoglass.com\/de\/wp-json\/wp\/v2\/product\/4093","targetHints":{"allow":["GET"]}}],"collection":[{"href":"https:\/\/www.sinoglass.com\/de\/wp-json\/wp\/v2\/product"}],"about":[{"href":"https:\/\/www.sinoglass.com\/de\/wp-json\/wp\/v2\/types\/product"}],"replies":[{"embeddable":true,"href":"https:\/\/www.sinoglass.com\/de\/wp-json\/wp\/v2\/comments?post=4093"}],"wp:featuredmedia":[{"embeddable":true,"href":"https:\/\/www.sinoglass.com\/de\/wp-json\/wp\/v2\/media\/4095"}],"wp:attachment":[{"href":"https:\/\/www.sinoglass.com\/de\/wp-json\/wp\/v2\/media?parent=4093"}],"wp:term":[{"taxonomy":"product_brand","embeddable":true,"href":"https:\/\/www.sinoglass.com\/de\/wp-json\/wp\/v2\/product_brand?post=4093"},{"taxonomy":"product_cat","embeddable":true,"href":"https:\/\/www.sinoglass.com\/de\/wp-json\/wp\/v2\/product_cat?post=4093"},{"taxonomy":"product_tag","embeddable":true,"href":"https:\/\/www.sinoglass.com\/de\/wp-json\/wp\/v2\/product_tag?post=4093"}],"curies":[{"name":"WP","href":"https:\/\/api.w.org\/{rel}","templated":true}]}}