{"id":4056,"date":"2024-03-29T16:03:24","date_gmt":"2024-03-29T08:03:24","guid":{"rendered":"https:\/\/www.sinoglass.com\/?post_type=product&#038;p=4056"},"modified":"2024-03-29T16:39:30","modified_gmt":"2024-03-29T08:39:30","slug":"magnetic-spice-jars","status":"publish","type":"product","link":"https:\/\/www.sinoglass.com\/de\/product\/magnetic-spice-jars\/","title":{"rendered":"Magnetische Gew\u00fcrzgl\u00e4ser #79302002"},"content":{"rendered":"<p>VISION-3 ist ein Gew\u00fcrzglar aus Edelstahl mit 3 \u00d6ffnungsm\u00f6glichkeiten. Der Deckel ist einfach zu entfernen, und Sie werden wissen, wann es Zeit ist, nachzuf\u00fcllen, da Sie die Gew\u00fcrze durch das klarsichtige Fenster sehen k\u00f6nnen. Mit einer magnetischen Basis k\u00f6nnen Sie an einen K\u00fchlschrank befestigen, oder Sie k\u00f6nnen das verf\u00fcgbare 6-Glas-Gew\u00fcrzgestall verwenden.<\/p>","protected":false},"excerpt":{"rendered":"<ul>\n<li>Hygienischer Edelstahl.<\/li>\n<li>3 \u00d6ffnungsm\u00f6glichkeiten.<\/li>\n<li>Platzsparende Gew\u00fcrzgestalle.<\/li>\n<li>Clear-Vision-Fenster zum Anzeigen von Inhalten.<\/li>\n<\/ul>","protected":false},"featured_media":4062,"comment_status":"open","ping_status":"closed","template":"","meta":{"_acf_changed":false},"product_brand":[],"product_cat":[109,108,70],"product_tag":[],"class_list":{"0":"post-4056","1":"product","2":"type-product","3":"status-publish","4":"has-post-thumbnail","6":"product_cat-magnetic-spice-jars","7":"product_cat-spice-jars","8":"product_cat-spice-racks","10":"first","11":"instock","12":"shipping-taxable","13":"purchasable","14":"product-type-variable"},"acf":[],"_links":{"self":[{"href":"https:\/\/www.sinoglass.com\/de\/wp-json\/wp\/v2\/product\/4056","targetHints":{"allow":["GET"]}}],"collection":[{"href":"https:\/\/www.sinoglass.com\/de\/wp-json\/wp\/v2\/product"}],"about":[{"href":"https:\/\/www.sinoglass.com\/de\/wp-json\/wp\/v2\/types\/product"}],"replies":[{"embeddable":true,"href":"https:\/\/www.sinoglass.com\/de\/wp-json\/wp\/v2\/comments?post=4056"}],"wp:featuredmedia":[{"embeddable":true,"href":"https:\/\/www.sinoglass.com\/de\/wp-json\/wp\/v2\/media\/4062"}],"wp:attachment":[{"href":"https:\/\/www.sinoglass.com\/de\/wp-json\/wp\/v2\/media?parent=4056"}],"wp:term":[{"taxonomy":"product_brand","embeddable":true,"href":"https:\/\/www.sinoglass.com\/de\/wp-json\/wp\/v2\/product_brand?post=4056"},{"taxonomy":"product_cat","embeddable":true,"href":"https:\/\/www.sinoglass.com\/de\/wp-json\/wp\/v2\/product_cat?post=4056"},{"taxonomy":"product_tag","embeddable":true,"href":"https:\/\/www.sinoglass.com\/de\/wp-json\/wp\/v2\/product_tag?post=4056"}],"curies":[{"name":"WP","href":"https:\/\/api.w.org\/{rel}","templated":true}]}}