{"id":4035,"date":"2024-03-29T14:27:29","date_gmt":"2024-03-29T06:27:29","guid":{"rendered":"https:\/\/www.sinoglass.com\/?post_type=product&#038;p=4035"},"modified":"2024-03-29T14:54:51","modified_gmt":"2024-03-29T06:54:51","slug":"spice-containers-glass","status":"publish","type":"product","link":"https:\/\/www.sinoglass.com\/de\/product\/spice-containers-glass\/","title":{"rendered":"Gew\u00fcrzbeh\u00e4lter Glas #78641002"},"content":{"rendered":"<p>Diese Gew\u00fcrzgl\u00e4ser verf\u00fcgen nicht nur \u00fcber ein stilvolles Design, das zu Ihrer K\u00fcche passt, sondern es kommt auch mit drei verschiedenen \u00d6ffnungen am Deckel, um verschiedene Gew\u00fcrze aufzunehmen. Drehen Sie einfach den Deckel, um die passende \u00d6ffnung unter den drei zu w\u00e4hlen.<\/p>","protected":false},"excerpt":{"rendered":"<ul>\n<li>Welche Gew\u00fcrze verwenden Sie am meisten? Halten Sie Ihre 6 Lieblingsw\u00fcrze zur Hand &amp; in einem kompakten Rack zug\u00e4nglich.<\/li>\n<li>Wenden Sie die perfekte Menge an. Unsere Gew\u00fcrzflaschen sind leicht einstellbar f\u00fcr ein Streuen oder Gie\u00dfen.<\/li>\n<li>Hergestellt aus umweltfreundlichem Hygieneglas.<\/li>\n<\/ul>","protected":false},"featured_media":4039,"comment_status":"open","ping_status":"closed","template":"","meta":{"_acf_changed":false},"product_brand":[],"product_cat":[108,70],"product_tag":[],"class_list":{"0":"post-4035","1":"product","2":"type-product","3":"status-publish","4":"has-post-thumbnail","6":"product_cat-spice-jars","7":"product_cat-spice-racks","9":"first","10":"instock","11":"shipping-taxable","12":"purchasable","13":"product-type-variable"},"acf":[],"_links":{"self":[{"href":"https:\/\/www.sinoglass.com\/de\/wp-json\/wp\/v2\/product\/4035","targetHints":{"allow":["GET"]}}],"collection":[{"href":"https:\/\/www.sinoglass.com\/de\/wp-json\/wp\/v2\/product"}],"about":[{"href":"https:\/\/www.sinoglass.com\/de\/wp-json\/wp\/v2\/types\/product"}],"replies":[{"embeddable":true,"href":"https:\/\/www.sinoglass.com\/de\/wp-json\/wp\/v2\/comments?post=4035"}],"wp:featuredmedia":[{"embeddable":true,"href":"https:\/\/www.sinoglass.com\/de\/wp-json\/wp\/v2\/media\/4039"}],"wp:attachment":[{"href":"https:\/\/www.sinoglass.com\/de\/wp-json\/wp\/v2\/media?parent=4035"}],"wp:term":[{"taxonomy":"product_brand","embeddable":true,"href":"https:\/\/www.sinoglass.com\/de\/wp-json\/wp\/v2\/product_brand?post=4035"},{"taxonomy":"product_cat","embeddable":true,"href":"https:\/\/www.sinoglass.com\/de\/wp-json\/wp\/v2\/product_cat?post=4035"},{"taxonomy":"product_tag","embeddable":true,"href":"https:\/\/www.sinoglass.com\/de\/wp-json\/wp\/v2\/product_tag?post=4035"}],"curies":[{"name":"WP","href":"https:\/\/api.w.org\/{rel}","templated":true}]}}